{"id":16587,"date":"2024-08-05T14:44:47","date_gmt":"2024-08-05T17:44:47","guid":{"rendered":"https:\/\/cimisa.com.br\/?page_id=16587"},"modified":"2025-04-17T11:40:11","modified_gmt":"2025-04-17T14:40:11","slug":"orcamento","status":"publish","type":"page","link":"https:\/\/cimisa.com.br\/en\/orcamento\/","title":{"rendered":"Or\u00e7amento"},"content":{"rendered":"<div class='rpd-row full break--mobile reverse--never ' style='--mask_background: #ffffff; --padding_desktop: 0px 0px 0px 0px; --padding_tablet: 0px 0px 0px 0px; --padding_mobile: 0px 0px 0px 0px; --row_gap: 30px;' ><div class='row--mask'><div class='rpd-container'>\n\n<div class='rpd-buttons justify justify-content-justify justify-content-md-justify justify-content-sm-justify ' style='--spacing: 0px; --font: var(--font_heading); --size: 14px; --weight: 700; --line: 1.6; --radius: 0px; --background: #4b4b61; --color: #ffffff; --background--hover: #005b00; --color--hover: #ffffff; --align: center;'><a style='--background: rgb(240,202,0) !important; --color: rgb(255,255,255); --background--hover: rgb(246,184,25); --color--hover: rgb(255,255,255);' href='https:\/\/api.whatsapp.com\/send?phone=5554997062772' target='_blank' class='fill'><i class=\"fab fa-whatsapp\" aria-hidden=\"true\"><\/i> Commercial - (54) 99706 2772<\/a><a style='--background: rgb(246,184,25) !important; --color: rgb(255,255,255); --background--hover: rgb(240,202,0); --color--hover: rgb(255,255,255);' href='https:\/\/api.whatsapp.com\/send?phone=5554999724318' target='_blank' class='fill'><i class=\"fab fa-whatsapp\" aria-hidden=\"true\"><\/i> WhatsApp - (54) 99972 4318<\/a><a style='--background: rgb(240,202,0) !important; --color: rgb(255,255,255); --background--hover: rgb(246,184,25); --color--hover: rgb(255,255,255);' href='tel:5433441092' target='_blank' class='fill'><i class=\"fas fa-phone\" aria-hidden=\"true\"><\/i>Phone - (54) 3344 1092<\/a><a style='--background: rgb(246,184,25) !important; --color: rgb(255,255,255); --background--hover: rgb(240,202,0); --color--hover: rgb(255,255,255);' href='mailto:contato@cimisa.com.br' target='_blank' class='fill'><i class=\"fas fa-envelope\" aria-hidden=\"true\"><\/i> E-mail - contato@cimisa.com.br<\/a><\/div>\n<\/div><\/div><\/div>\n\n<div class='rpd-row normal break--mobile reverse--never ' style='--mask_background: rgba(248,248,248,0.59); --row_attachment: none; --row_image: url(https:\/\/cdn.siterapido.rs\/wp-content\/uploads\/sites\/227\/2024\/05\/home-fund-home-cimisa.png); --row_position: center center; --row_repeat: no-repeat; --row_size: contain; --padding_desktop: 100px 15px 100px 15px; --padding_tablet: 75px 15px 75px 15px; --padding_mobile: 50px 15px 50px 15px; --row_gap: 30px;' ><div class='row--mask'><div class='rpd-container'>\n<div class='rpd-form  ' style='--width_desktop: 100%; --width_tablet: 100%; --width_mobile: 100%;'><div id=\"piotnetforms\" class=\"piotnetforms piotnetforms-15155\" data-piotnetforms-shortcode-id=\"15155\"><form id=\"contato\" class=\"piotnetforms__form\" onsubmit=\"return false\"><div class=\"piotnet-section p14308754\">\t\t\t\t\t\t<div class=\"piotnet-section__container\"\n\t\t>\n\t\t<div class=\"piotnet-column p57318342\">\t\t\t\t\t\t<div class=\"piotnet-column__inner\"\n\t\t\t>\n\t\t\t\t\n\t\t<div class=\"p05154044 piotnetforms-fields-wrapper piotnetforms-labels-above\">\n\t\t\t<div class=\"piotnetforms-field-type-text piotnetforms-field-group piotnetforms-column  piotnetforms-field-group-nome_orc piotnetforms-col-100 piotnetforms-field-required piotnetforms-mark-required\">\n\t\t\t\t<label for=\"form-field-nome_orc\" class=\"piotnetforms-field-label\">Nome<\/label><div data-piotnetforms-required><\/div><div class=\"piotnetforms-field-container\"><input size=\"1\" class=\"piotnetforms-field piotnetforms-size-\" type=\"text\" name=\"form_fields[nome_orc]\" id=\"form-field-nome_orc\" autocomplete=\"on\" data-piotnetforms-default-value=\"\" required=\"required\" aria-required=\"true\" data-piotnetforms-id=\"contato\"><\/div>\t\t\t<\/div>\n\t\t<\/div>\n\t\t\t\n\t\t<div class=\"p10012907 piotnetforms-fields-wrapper piotnetforms-labels-above\">\n\t\t\t<div class=\"piotnetforms-field-type-tel piotnetforms-field-group piotnetforms-column  piotnetforms-field-group-telefone_orc piotnetforms-col-100 piotnetforms-field-required piotnetforms-mark-required\">\n\t\t\t\t<label for=\"form-field-telefone_orc\" class=\"piotnetforms-field-label\">Telefone<\/label><div data-piotnetforms-required><\/div><div class=\"piotnetforms-field-container\"><input size=\"1\" class=\"piotnetforms-field piotnetforms-size-\" type=\"tel\" name=\"form_fields[telefone_orc]\" id=\"form-field-telefone_orc\" autocomplete=\"on\" data-piotnetforms-default-value=\"\" required=\"required\" aria-required=\"true\" data-piotnetforms-id=\"contato\" pattern=\"[0-9()#&amp;+*-=.\\s]+\" title=\"Only numbers and phone characters (#, -, *, etc) are accepted.\"><\/div>\t\t\t<\/div>\n\t\t<\/div>\n\t\t\t\n\t\t<div class=\"p52080331 piotnetforms-fields-wrapper piotnetforms-labels-above\">\n\t\t\t<div class=\"piotnetforms-field-type-select piotnetforms-field-group piotnetforms-column  piotnetforms-field-group-tel_opc piotnetforms-col-100 piotnetforms-field-required piotnetforms-mark-required\">\n\t\t\t\t<label for=\"form-field-tel_opc\" class=\"piotnetforms-field-label\">\u00c9 whatsapp?<\/label><div data-piotnetforms-required><\/div><div class=\"piotnetforms-field-container\">\t\t<div class=\"piotnetforms-field piotnetforms-select-wrapper piotnetforms-select-drop-down\">\n\t\t\t<select name=\"form_fields[tel_opc]\" id=\"form-field-tel_opc\" class=\"piotnetforms-field-textual piotnetforms-size-\" data-piotnetforms-type=\"select\" required=\"required\" aria-required=\"true\" data-piotnetforms-id=\"contato\" data-piotnetforms-default-value=\"\" data-options='[\"Sim\",\"N\\u00e3o\"]'>\n\t\t\t\t<option value=\"Sim\">Sim<\/option><option value=\"N\u00e3o\">N\u00e3o<\/option>\t\t\t<\/select>\n\t\t<\/div>\n\t\t<\/div>\t\t\t<\/div>\n\t\t<\/div>\n\t\t\t\n\t\t<div class=\"p00220452 piotnetforms-fields-wrapper piotnetforms-labels-above\">\n\t\t\t<div class=\"piotnetforms-field-type-text piotnetforms-field-group piotnetforms-column  piotnetforms-field-group-cidade_orc piotnetforms-col-100 piotnetforms-field-required piotnetforms-mark-required\">\n\t\t\t\t<label for=\"form-field-cidade_orc\" class=\"piotnetforms-field-label\">Cidade e estado<\/label><div data-piotnetforms-required><\/div><div class=\"piotnetforms-field-container\"><input size=\"1\" class=\"piotnetforms-field piotnetforms-size-\" type=\"text\" name=\"form_fields[cidade_orc]\" id=\"form-field-cidade_orc\" autocomplete=\"on\" data-piotnetforms-default-value=\"\" required=\"required\" aria-required=\"true\" data-piotnetforms-id=\"contato\"><\/div>\t\t\t<\/div>\n\t\t<\/div>\n\t\t\t\n\t\t<div class=\"p25251501 piotnetforms-fields-wrapper piotnetforms-labels-above\">\n\t\t\t<div class=\"piotnetforms-field-type-email piotnetforms-field-group piotnetforms-column  piotnetforms-field-group-email_orc piotnetforms-col-100\">\n\t\t\t\t<label for=\"form-field-email_orc\" class=\"piotnetforms-field-label\">E-mail<\/label><div data-piotnetforms-required><\/div><div class=\"piotnetforms-field-container\"><input size=\"1\" class=\"piotnetforms-field piotnetforms-size-\" type=\"email\" name=\"form_fields[email_orc]\" id=\"form-field-email_orc\" autocomplete=\"on\" data-piotnetforms-default-value=\"\" data-piotnetforms-id=\"contato\"><\/div>\t\t\t<\/div>\n\t\t<\/div>\n\t\t\t\n\t\t<div class=\"p22102072 piotnetforms-fields-wrapper piotnetforms-labels-above\">\n\t\t\t<div class=\"piotnetforms-field-type-text piotnetforms-field-group piotnetforms-column  piotnetforms-field-group-modelo_orc piotnetforms-col-100\">\n\t\t\t\t<label for=\"form-field-modelo_orc\" class=\"piotnetforms-field-label\">Modelo Implemento\/M\u00e1quina:<\/label><div data-piotnetforms-required><\/div><div class=\"piotnetforms-field-container\"><input size=\"1\" class=\"piotnetforms-field piotnetforms-size-\" type=\"text\" name=\"form_fields[modelo_orc]\" id=\"form-field-modelo_orc\" autocomplete=\"on\" data-piotnetforms-default-value=\"\" data-piotnetforms-id=\"contato\"><\/div>\t\t\t<\/div>\n\t\t<\/div>\n\t\t\t\n\t\t<div class=\"p62761614 piotnetforms-fields-wrapper piotnetforms-labels-above\">\n\t\t\t<div class=\"piotnetforms-field-type-textarea piotnetforms-field-group piotnetforms-column  piotnetforms-field-group-mensagem_orc piotnetforms-col-100\">\n\t\t\t\t<label for=\"form-field-mensagem_orc\" class=\"piotnetforms-field-label\">Deseja incluir mais alguma informa\u00e7\u00e3o ou deixar uma mensagem? <\/label><div data-piotnetforms-required><\/div><div class=\"piotnetforms-field-container\"><textarea class=\"piotnetforms-field-textual piotnetforms-field piotnetforms-size-\" name=\"form_fields[mensagem_orc]\" id=\"form-field-mensagem_orc\" rows=\"6\" data-piotnetforms-default-value=\"\" data-piotnetforms-id=\"contato\"><\/textarea><\/div>\t\t\t<\/div>\n\t\t<\/div>\n\t<p class=\"p43661143\">Ao clicar em \"Enviar mensagem\" voc\u00ea concorda que entraremos em contato com voc\u00ea atrav\u00e9s dos dados fornecidos para passarmos mais informa\u00e7\u00f5es sobre os servi\u00e7os de seu interesse. Esses dados ser\u00e3o armazenados internamente seguindo padr\u00f5es de seguran\u00e7a e a nossa  <a href=\"https:\/\/cimisa.com.br\/wp-content\/uploads\/sites\/227\/2024\/05\/campos-representantes-politica-de-privacidade-cimisa-1.pdf\" style=\"color:rgba(124, 124, 143, 1)\" target=\"_blank\">Politica de privacidade<\/a>.<\/p>\n\t\t<div class=\"p41465768 piotnetforms-submit piotnetforms-button-wrapper\">\n\n\t\t\t\t<input type=\"hidden\" name=\"post_id\" value=\"15155\" data-piotnetforms-hidden-form-id=\"contato\"\/>\n\t\t<input type=\"hidden\" name=\"form_id\" value=\"p41465768\" data-piotnetforms-hidden-form-id=\"contato\"\/>\n\t\t<input type=\"hidden\" name=\"remote_ip\" value=\"216.73.216.9\" data-piotnetforms-hidden-form-id=\"contato\"\/>\n\n\t\t\n\t\t\n\t\t\n\t\t\n\t\t<button class=\"piotnetforms-button\" type=\"submit\" role=\"button\" data-piotnetforms-required-text=\"This field is required.\" data-piotnetforms-submit-form-id=\"contato\" data-piotnetforms-submit-keyboard=\"false\" data-piotnetforms-submit-hide=\"false\">\n\t\t\t\t\t<span class=\"piotnetforms-button-content-wrapper\">\n\t\t\t<span class=\"piotnetforms-button-text piotnetforms-spinner\"><span class=\"icon-spinner-of-dots\"><\/span><\/span>\n\t\t\t\t\t\t<span class=\"piotnetforms-button-text\">ENVIAR MENSAGEM<\/span>\n\t\t<\/span>\n\t\t\t\t<\/button>\n\t\t\n\t\t        \t\t        \t\t\n\t\t\n\t\t\n        \n            \t\t<div id=\"piotnetforms-trigger-success-contato\" data-piotnetforms-trigger-success=\"contato\" style=\"display: none\"><\/div>\n\t\t<div id=\"piotnetforms-trigger-failed-contato\" data-piotnetforms-trigger-failed=\"contato\" style=\"display: none\"><\/div>\n\t\t<div class=\"piotnetforms-alert piotnetforms-alert--mail\">\n\t\t\t<div class=\"piotnetforms-message piotnetforms-message-success\" role=\"alert\" data-piotnetforms-message=\"The form was sent successfully.\">The form was sent successfully.<\/div>\n\t\t\t<div class=\"piotnetforms-message piotnetforms-message-danger\" role=\"alert\" data-piotnetforms-message=\"An error occured.\">An error occured.<\/div>\n\t\t\t<!-- <div class=\"piotnetforms-message piotnetforms-help-inline\" role=\"alert\">Server error. Form not sent.<\/div> -->\n\t\t<\/div>\n\t\t\t\t<\/div>\n\t\t\t\t\t<\/div>\n\t\t<\/div>\t\t\t<\/div>\n\t\t<\/div><link rel=\"stylesheet\" href=\"https:\/\/cimisa.com.br\/wp-content\/uploads\/sites\/227\/piotnetforms\/css\/15155.css?ver=41\" media=\"all\"><\/form><\/div><div data-piotnetforms-ajax-url=\"https:\/\/cimisa.com.br\/wp-admin\/admin-ajax.php\"><\/div><div data-piotnetforms-plugin-url=\"https:\/\/cimisa.com.br\/wp-content\/plugins\"><\/div><div data-piotnetforms-tinymce-upload=\"https:\/\/cimisa.com.br\/wp-content\/plugins\/piotnetforms-pro\/inc\/forms\/tinymce\/tinymce-upload.php\"><\/div><div data-piotnetforms-stripe-key=\"\"><\/div><div class=\"piotnetforms-break-point\" data-piotnetforms-break-point-md=\"1025\" data-piotnetforms-break-point-lg=\"767\"><\/div>\t<\/div>\n<\/div><\/div><\/div>","protected":false},"excerpt":{"rendered":"","protected":false},"author":6,"featured_media":0,"parent":0,"menu_order":5,"comment_status":"closed","ping_status":"closed","template":"","meta":{"_acf_changed":false,"footnotes":""},"class_list":["post-16587","page","type-page","status-publish","hentry"],"acf":[],"_links":{"self":[{"href":"https:\/\/cimisa.com.br\/en\/wp-json\/wp\/v2\/pages\/16587","targetHints":{"allow":["GET"]}}],"collection":[{"href":"https:\/\/cimisa.com.br\/en\/wp-json\/wp\/v2\/pages"}],"about":[{"href":"https:\/\/cimisa.com.br\/en\/wp-json\/wp\/v2\/types\/page"}],"author":[{"embeddable":true,"href":"https:\/\/cimisa.com.br\/en\/wp-json\/wp\/v2\/users\/6"}],"replies":[{"embeddable":true,"href":"https:\/\/cimisa.com.br\/en\/wp-json\/wp\/v2\/comments?post=16587"}],"version-history":[{"count":2,"href":"https:\/\/cimisa.com.br\/en\/wp-json\/wp\/v2\/pages\/16587\/revisions"}],"predecessor-version":[{"id":16589,"href":"https:\/\/cimisa.com.br\/en\/wp-json\/wp\/v2\/pages\/16587\/revisions\/16589"}],"wp:attachment":[{"href":"https:\/\/cimisa.com.br\/en\/wp-json\/wp\/v2\/media?parent=16587"}],"curies":[{"name":"wp","href":"https:\/\/api.w.org\/{rel}","templated":true}]}}