{"id":16610,"date":"2024-05-22T14:40:10","date_gmt":"2024-05-22T17:40:10","guid":{"rendered":"https:\/\/cimisa.com.br\/?page_id=16610"},"modified":"2025-04-17T11:42:04","modified_gmt":"2025-04-17T14:42:04","slug":"post-sales","status":"publish","type":"page","link":"https:\/\/cimisa.com.br\/en\/post-sales\/","title":{"rendered":"Post Sales"},"content":{"rendered":"<div class='rpd-row full break--tablet reverse--never ' style='--mask_background: #ffffff; --padding_desktop: 0px 0px 0px 0px; --padding_tablet: 10px 15px 10px 15px; --padding_mobile: 0px 0px 0px 0px; --row_gap: 30px;' ><div class='row--mask'><div class='rpd-container'>\n\n<div class='rpd-buttons justify justify-content-justify justify-content-md-justify justify-content-sm-justify ' style='--spacing: 0px; --font: var(--font_heading); --size: 14px; --weight: 700; --line: 1.6; --radius: 0px; --background: #4b4b61; --color: #ffffff; --background--hover: #005b00; --color--hover: #ffffff; --align: center;'><a style='--background: rgb(246,184,25) !important;   ' href='https:\/\/api.whatsapp.com\/send?phone=5554999611282&text=' target='' class='fill'><i class=\"fab fa-whatsapp\" aria-hidden=\"true\"><\/i>Whatsapp: +55 (54) 99961-1282<\/a><a style='--background: rgb(240,202,0) !important;   ' href='https:\/\/api.whatsapp.com\/send?phone=5554997062772' target='_blank' class='fill'><i class=\"fab fa-whatsapp\" aria-hidden=\"true\"><\/i>Whatsapp: +55 (54) 99984-4361<\/a><\/div>\n<\/div><\/div><\/div>\n\n<div class='rpd-row normal break--mobile reverse--never ' style='--mask_background: rgba(248,248,248,0.59); --row_attachment: none; --row_image: url(https:\/\/cdn.siterapido.rs\/wp-content\/uploads\/sites\/227\/2024\/05\/home-fund-home-cimisa.png); --row_position: center center; --row_repeat: no-repeat; --row_size: contain; --padding_desktop: 100px 15px 100px 15px; --padding_tablet: 75px 15px 75px 15px; --padding_mobile: 50px 15px 50px 15px; --row_gap: 30px;' ><div class='row--mask'><div class='rpd-container'>\n\n<div class=\"wp-block-columns\">\n<div class=\"wp-block-column\" style=\"flex-basis:33.33%\"><div class='rpd-icons  '><div class='icons--list' style='--gap: 30px; --content: 30px; --background: rgba(255,255,255,0); --count_desktop: 1; --count_tablet: 1; --count_mobile: 1; --radius: 5px; --shadow: 10px 10px 30px 0 rgba(0,0,0,.05); --size: 1px;'><div class='list--item above left'><a href='' class='item--icon none' style='--background: #000000; --color: rgb(255,255,255); --background--hover: #666666; --radius: 5px; --color--hover: rgb(255,255,255);'><i class=\"fas fa-phone-alt\" aria-hidden=\"true\"><\/i><\/a><div class='item--content'><a href='' class='content--text ' style='--font: var(--font_text); --size: 20px; --weight: 700; --line: 1; --marginTop: 15px; --background: #666666; --color: rgb(0,91,0); --background--hover: #000000; --color--hover: #666666; --radius: 5px;'>Finance<\/a><a href='tel:549281783' class='content--text ' style='--font: var(--font_text); --size: 16px; --weight: 400; --line: 1.6; --marginTop: 15px; --background: #666666; --color: rgb(0,0,0); --background--hover: #000000; --color--hover: rgb(246,184,25); --radius: 5px;'>+55 54 9928 1783<\/a><a href='mailto:financeiro@cimisa.com.br' class='content--text ' style='--font: var(--font_text); --size: 16px; --weight: 400; --line: 1.2; --marginTop: 15px; --background: #666666; --color: #000000; --background--hover: #000000; --color--hover: rgb(246,184,25); --radius: 5px;'>financeiro@cimisa.com.br<\/a><\/div><\/div><div class='list--item above left'><a href='' class='item--icon none' style='--background: #000000; --color: rgb(255,255,255); --background--hover: #666666; --radius: 5px; --color--hover: rgb(255,255,255);'><i class=\"fas fa-phone-alt\" aria-hidden=\"true\"><\/i><\/a><div class='item--content'><a href='' class='content--text ' style='--font: var(--font_text); --size: 20px; --weight: 700; --line: 1; --marginTop: 15px; --background: #666666; --color: rgb(0,91,0); --background--hover: #000000; --color--hover: #666666; --radius: 5px;'>Tax<\/a><a href='tel:5499514495' class='content--text ' style='--font: var(--font_text); --size: 16px; --weight: 400; --line: 1.6; --marginTop: 15px; --background: #666666; --color: rgb(0,0,0); --background--hover: #000000; --color--hover: rgb(246,184,25); --radius: 5px;'>+55 54 9951 4495<\/a><a href='mailto:fiscal@cimisa.com.br ' class='content--text ' style='--font: var(--font_text); --size: 16px; --weight: 400; --line: 1.2; --marginTop: 15px; --background: #666666; --color: #000000; --background--hover: #000000; --color--hover: rgb(246,184,25); --radius: 5px;'>fiscal@cimisa.com.br <\/a><\/div><\/div><div class='list--item above left'><a href='' class='item--icon none' style='--background: #000000; --color: rgb(255,255,255); --background--hover: #666666; --radius: 5px; --color--hover: rgb(255,255,255);'><i class=\"fas fa-phone-alt\" aria-hidden=\"true\"><\/i><\/a><div class='item--content'><a href='' class='content--text ' style='--font: var(--font_text); --size: 20px; --weight: 700; --line: 1; --marginTop: 15px; --background: #666666; --color: rgb(0,91,0); --background--hover: #000000; --color--hover: #666666; --radius: 5px;'>HR<\/a><a href='tel:5433442660' class='content--text ' style='--font: var(--font_text); --size: 16px; --weight: 400; --line: 1.6; --marginTop: 15px; --background: #666666; --color: rgb(0,0,0); --background--hover: #000000; --color--hover: rgb(246,184,25); --radius: 5px;'>+55 54 3344 2660<\/a><a href='mailto:rh@cimisa.com.br' class='content--text ' style='--font: var(--font_text); --size: 16px; --weight: 400; --line: 1.2; --marginTop: 15px; --background: #666666; --color: #000000; --background--hover: #000000; --color--hover: rgb(246,184,25); --radius: 5px;'>rh@cimisa.com.br<\/a><\/div><\/div><div class='list--item above left'><a href='' class='item--icon none' style='--background: #000000; --color: rgb(255,255,255); --background--hover: #666666; --radius: 5px; --color--hover: rgb(255,255,255);'><i class=\"fas fa-phone-alt\" aria-hidden=\"true\"><\/i><\/a><div class='item--content'><a href='' class='content--text ' style='--font: var(--font_text); --size: 20px; --weight: 700; --line: 1; --marginTop: 15px; --background: #666666; --color: rgb(0,91,0); --background--hover: #000000; --color--hover: #666666; --radius: 5px;'>Purchasing Department<\/a><a href='tel:5499024477' class='content--text ' style='--font: var(--font_text); --size: 16px; --weight: 400; --line: 1.6; --marginTop: 15px; --background: #666666; --color: rgb(0,0,0); --background--hover: #000000; --color--hover: rgb(246,184,25); --radius: 5px;'>+55 54 9902 4477<\/a><a href='mailto:compras@cimisa.com.br' class='content--text ' style='--font: var(--font_text); --size: 16px; --weight: 400; --line: 1.2; --marginTop: 15px; --background: #666666; --color: #000000; --background--hover: #000000; --color--hover: rgb(246,184,25); --radius: 5px;'>compras@cimisa.com.br <\/a><\/div><\/div><div class='list--item above left'><a href='' class='item--icon none' style='--background: #000000; --color: rgb(255,255,255); --background--hover: #666666; --radius: 5px; --color--hover: rgb(255,255,255);'><i class=\"fas fa-phone-alt\" aria-hidden=\"true\"><\/i><\/a><div class='item--content'><a href='' class='content--text ' style='--font: var(--font_text); --size: 20px; --weight: 700; --line: 1.4; --marginTop: 15px; --background: #666666; --color: rgb(0,91,0); --background--hover: #000000; --color--hover: #666666; --radius: 5px;'>Commercial Manager<br \/>\r\nEder Zoppi<\/a><a href='tel:5496308455' class='content--text ' style='--font: var(--font_text); --size: 16px; --weight: 400; --line: 1.6; --marginTop: 15px; --background: #666666; --color: rgb(0,0,0); --background--hover: #000000; --color--hover: rgb(246,184,25); --radius: 5px;'>+55 54 9630 8455<br \/>\r\n<\/a><a href='mailto:comercial@cimisa.com.br' class='content--text ' style='--font: var(--font_text); --size: 16px; --weight: 400; --line: 1.2; --marginTop: 15px; --background: #666666; --color: #000000; --background--hover: #000000; --color--hover: rgb(246,184,25); --radius: 5px;'>comercial@cimisa.com.br<\/a><\/div><\/div><div class='list--item above left'><a href='' class='item--icon none' style='--background: #000000; --color: rgb(255,255,255); --background--hover: #666666; --radius: 5px; --color--hover: rgb(255,255,255);'><i class=\"fas fa-phone-alt\" aria-hidden=\"true\"><\/i><\/a><div class='item--content'><a href='' class='content--text ' style='--font: var(--font_text); --size: 20px; --weight: 700; --line: 1.4; --marginTop: 15px; --background: #666666; --color: rgb(0,91,0); --background--hover: #000000; --color--hover: #666666; --radius: 5px;'>Commercial Coordinator Regi\u00e3o Sul\/BR <br \/>\r\nClairson Pozzer<\/a><a href='tel:5499438206' class='content--text ' style='--font: var(--font_text); --size: 16px; --weight: 400; --line: 1.6; --marginTop: 15px; --background: #666666; --color: rgb(0,0,0); --background--hover: #000000; --color--hover: rgb(246,184,25); --radius: 5px;'>+55 54 9943-8206<\/a><a href='mailto:vendas1@cimisa.com.br' class='content--text ' style='--font: var(--font_text); --size: 16px; --weight: 400; --line: 1.2; --marginTop: 15px; --background: #666666; --color: #000000; --background--hover: #000000; --color--hover: rgb(246,184,25); --radius: 5px;'>vendas1@cimisa.com.br<\/a><\/div><\/div><div class='list--item above left'><a href='' class='item--icon none' style='--background: #000000; --color: rgb(255,255,255); --background--hover: #666666; --radius: 5px; --color--hover: rgb(255,255,255);'><i class=\"fas fa-phone-alt\" aria-hidden=\"true\"><\/i><\/a><div class='item--content'><a href='' class='content--text ' style='--font: var(--font_text); --size: 20px; --weight: 700; --line: 1.4; --marginTop: 15px; --background: #666666; --color: rgb(0,91,0); --background--hover: #000000; --color--hover: #666666; --radius: 5px;'>Commercial Coordinator Regi\u00e3o Sudeste e Nordeste\/BR<br \/>\r\nBreno Ribeiro<\/a><a href='tel:5499765547' class='content--text ' style='--font: var(--font_text); --size: 16px; --weight: 400; --line: 1.6; --marginTop: 15px; --background: #666666; --color: rgb(0,0,0); --background--hover: #000000; --color--hover: rgb(246,184,25); --radius: 5px;'>+55 54 9976 5547<\/a><a href='mailto:breno.comercial@cimisa.com.br' class='content--text ' style='--font: var(--font_text); --size: 16px; --weight: 400; --line: 1.2; --marginTop: 15px; --background: #666666; --color: #000000; --background--hover: #000000; --color--hover: rgb(246,184,25); --radius: 5px;'>breno.comercial@cimisa.com.br<\/a><\/div><\/div><div class='list--item above left'><a href='' class='item--icon none' style='--background: #000000; --color: rgb(255,255,255); --background--hover: #666666; --radius: 5px; --color--hover: rgb(255,255,255);'><i class=\"fas fa-phone-alt\" aria-hidden=\"true\"><\/i><\/a><div class='item--content'><a href='' class='content--text ' style='--font: var(--font_text); --size: 20px; --weight: 700; --line: 1.4; --marginTop: 15px; --background: #666666; --color: rgb(0,91,0); --background--hover: #000000; --color--hover: #666666; --radius: 5px;'>Commercial Coordinator Regi\u00e3o Centro Oeste\/BR<br \/>\r\nEduardo Guterres <\/a><a href='tel:5496255692' class='content--text ' style='--font: var(--font_text); --size: 16px; --weight: 400; --line: 1.6; --marginTop: 15px; --background: #666666; --color: rgb(0,0,0); --background--hover: #000000; --color--hover: rgb(246,184,25); --radius: 5px;'>+55 54 9625 5692<\/a><a href='mailto:eduardo.comercial@cimisa.com.br' class='content--text ' style='--font: var(--font_text); --size: 16px; --weight: 400; --line: 1.2; --marginTop: 15px; --background: #666666; --color: #000000; --background--hover: #000000; --color--hover: rgb(246,184,25); --radius: 5px;'>eduardo.comercial@cimisa.com.br<\/a><\/div><\/div><\/div><\/div><\/div>\n\n\n\n<div class=\"wp-block-column\" style=\"flex-basis:66.66%\"><div class='rpd-form  ' style='--width_desktop: 100%; --width_tablet: 100%; --width_mobile: 100%;'><div id=\"piotnetforms\" class=\"piotnetforms piotnetforms-15001\" data-piotnetforms-shortcode-id=\"15001\"><form id=\"contato\" class=\"piotnetforms__form\" onsubmit=\"return false\"><div class=\"piotnet-section p14308754\">\t\t\t\t\t\t<div class=\"piotnet-section__container\"\n\t\t>\n\t\t<div class=\"piotnet-column p57318342\">\t\t\t\t\t\t<div class=\"piotnet-column__inner\"\n\t\t\t>\n\t\t\t\t\n\t\t<div class=\"p05154044 piotnetforms-fields-wrapper piotnetforms-labels-above\">\n\t\t\t<div class=\"piotnetforms-field-type-text piotnetforms-field-group piotnetforms-column  piotnetforms-field-group-nome_pv piotnetforms-col-100 piotnetforms-field-required piotnetforms-mark-required\">\n\t\t\t\t<label for=\"form-field-nome_pv\" class=\"piotnetforms-field-label\">Nome<\/label><div data-piotnetforms-required><\/div><div class=\"piotnetforms-field-container\"><input size=\"1\" class=\"piotnetforms-field piotnetforms-size-\" type=\"text\" name=\"form_fields[nome_pv]\" id=\"form-field-nome_pv\" autocomplete=\"on\" data-piotnetforms-default-value=\"\" required=\"required\" aria-required=\"true\" data-piotnetforms-id=\"contato\"><\/div>\t\t\t<\/div>\n\t\t<\/div>\n\t\t\t\n\t\t<div class=\"p70783043 piotnetforms-fields-wrapper piotnetforms-labels-above\">\n\t\t\t<div class=\"piotnetforms-field-type-text piotnetforms-field-group piotnetforms-column  piotnetforms-field-group-cidade_pv piotnetforms-col-100 piotnetforms-field-required piotnetforms-mark-required\">\n\t\t\t\t<label for=\"form-field-cidade_pv\" class=\"piotnetforms-field-label\">Cidade\/estado<\/label><div data-piotnetforms-required><\/div><div class=\"piotnetforms-field-container\"><input size=\"1\" class=\"piotnetforms-field piotnetforms-size-\" type=\"text\" name=\"form_fields[cidade_pv]\" id=\"form-field-cidade_pv\" autocomplete=\"on\" data-piotnetforms-default-value=\"\" required=\"required\" aria-required=\"true\" data-piotnetforms-id=\"contato\"><\/div>\t\t\t<\/div>\n\t\t<\/div>\n\t\t\t\n\t\t<div class=\"p88041041 piotnetforms-fields-wrapper piotnetforms-labels-above\">\n\t\t\t<div class=\"piotnetforms-field-type-tel piotnetforms-field-group piotnetforms-column  piotnetforms-field-group-telefone_pv piotnetforms-col-100 piotnetforms-field-required piotnetforms-mark-required\">\n\t\t\t\t<label for=\"form-field-telefone_pv\" class=\"piotnetforms-field-label\">Telefone<\/label><div data-piotnetforms-required><\/div><div class=\"piotnetforms-field-container\"><input size=\"1\" class=\"piotnetforms-field piotnetforms-size-\" type=\"tel\" name=\"form_fields[telefone_pv]\" id=\"form-field-telefone_pv\" autocomplete=\"on\" data-piotnetforms-default-value=\"\" required=\"required\" aria-required=\"true\" data-piotnetforms-id=\"contato\" pattern=\"[0-9()#&amp;+*-=.\\s]+\" title=\"Only numbers and phone characters (#, -, *, etc) are accepted.\"><\/div>\t\t\t<\/div>\n\t\t<\/div>\n\t\t\t\n\t\t<div class=\"p00220452 piotnetforms-fields-wrapper piotnetforms-labels-above\">\n\t\t\t<div class=\"piotnetforms-field-type-select piotnetforms-field-group piotnetforms-column  piotnetforms-field-group-oque_pv piotnetforms-col-100 piotnetforms-field-required piotnetforms-mark-required\">\n\t\t\t\t<label for=\"form-field-oque_pv\" class=\"piotnetforms-field-label\">Escolha o que voc\u00ea busca:<\/label><div data-piotnetforms-required><\/div><div class=\"piotnetforms-field-container\">\t\t<div class=\"piotnetforms-field piotnetforms-select-wrapper piotnetforms-select-drop-down\">\n\t\t\t<select name=\"form_fields[oque_pv]\" id=\"form-field-oque_pv\" class=\"piotnetforms-field-textual piotnetforms-size-\" data-piotnetforms-type=\"select\" required=\"required\" aria-required=\"true\" data-piotnetforms-id=\"contato\" data-piotnetforms-default-value=\"\" data-options='[\"\",\"Pe\\u00e7a \",\"Assist\\u00eancia T\\u00e9cnica\",\"Garantia\"]'>\n\t\t\t\t<option value=\"\" selected=\"selected\"><\/option><option value=\"Pe\u00e7a \">Pe\u00e7a <\/option><option value=\"Assist\u00eancia T\u00e9cnica\">Assist\u00eancia T\u00e9cnica<\/option><option value=\"Garantia\">Garantia<\/option>\t\t\t<\/select>\n\t\t<\/div>\n\t\t<\/div>\t\t\t<\/div>\n\t\t<\/div>\n\t\t\t\n\t\t<div class=\"p09877789 piotnetforms-fields-wrapper piotnetforms-labels-above\">\n\t\t\t<div class=\"piotnetforms-field-type-text piotnetforms-field-group piotnetforms-column  piotnetforms-field-group-modelo_pv piotnetforms-col-100 piotnetforms-field-required piotnetforms-mark-required\">\n\t\t\t\t<label for=\"form-field-modelo_pv\" class=\"piotnetforms-field-label\">Modelo do equipamento<\/label><div data-piotnetforms-required><\/div><div class=\"piotnetforms-field-container\"><input size=\"1\" class=\"piotnetforms-field piotnetforms-size-\" type=\"text\" name=\"form_fields[modelo_pv]\" id=\"form-field-modelo_pv\" autocomplete=\"on\" data-piotnetforms-default-value=\"\" required=\"required\" aria-required=\"true\" data-piotnetforms-id=\"contato\"><\/div>\t\t\t<\/div>\n\t\t<\/div>\n\t\t\t\n\t\t<div class=\"p62761614 piotnetforms-fields-wrapper piotnetforms-labels-above\">\n\t\t\t<div class=\"piotnetforms-field-type-textarea piotnetforms-field-group piotnetforms-column  piotnetforms-field-group-necessidade_pv piotnetforms-col-100 piotnetforms-field-required piotnetforms-mark-required\">\n\t\t\t\t<label for=\"form-field-necessidade_pv\" class=\"piotnetforms-field-label\">Como podemos ajudar?<\/label><div data-piotnetforms-required><\/div><div class=\"piotnetforms-field-container\"><textarea class=\"piotnetforms-field-textual piotnetforms-field piotnetforms-size-\" name=\"form_fields[necessidade_pv]\" id=\"form-field-necessidade_pv\" rows=\"6\" required=\"required\" aria-required=\"true\" data-piotnetforms-default-value=\"\" data-piotnetforms-id=\"contato\"><\/textarea><\/div>\t\t\t<\/div>\n\t\t<\/div>\n\t<p class=\"p43661143\">Ao clicar em \"Enviar mensagem\" voc\u00ea concorda que entraremos em contato com voc\u00ea atrav\u00e9s dos dados fornecidos para passarmos mais informa\u00e7\u00f5es sobre os servi\u00e7os de seu interesse. Esses dados ser\u00e3o armazenados internamente seguindo padr\u00f5es de seguran\u00e7a e a nossa <a href=\"https:\/\/cimisa.com.br\/wp-content\/uploads\/sites\/227\/2024\/05\/campos-representantes-politica-de-privacidade-cimisa-1.pdf\" style=\"color:rgba(124, 124, 143, 1)\" target=\"_blank\">Politica de privacidade<\/a>.<\/p>\n\t\t<div class=\"p41465768 piotnetforms-submit piotnetforms-button-wrapper\">\n\n\t\t\t\t<input type=\"hidden\" name=\"post_id\" value=\"15001\" data-piotnetforms-hidden-form-id=\"contato\"\/>\n\t\t<input type=\"hidden\" name=\"form_id\" value=\"p41465768\" data-piotnetforms-hidden-form-id=\"contato\"\/>\n\t\t<input type=\"hidden\" name=\"remote_ip\" value=\"216.73.216.9\" data-piotnetforms-hidden-form-id=\"contato\"\/>\n\n\t\t\n\t\t\n\t\t\n\t\t\n\t\t<button class=\"piotnetforms-button\" type=\"submit\" role=\"button\" data-piotnetforms-required-text=\"This field is required.\" data-piotnetforms-submit-form-id=\"contato\" data-piotnetforms-submit-keyboard=\"false\" data-piotnetforms-submit-hide=\"false\">\n\t\t\t\t\t<span class=\"piotnetforms-button-content-wrapper\">\n\t\t\t<span class=\"piotnetforms-button-text piotnetforms-spinner\"><span class=\"icon-spinner-of-dots\"><\/span><\/span>\n\t\t\t\t\t\t<span class=\"piotnetforms-button-text\">ENVIAR MENSAGEM<\/span>\n\t\t<\/span>\n\t\t\t\t<\/button>\n\t\t\n\t\t        \t\t        \t\t\n\t\t\n\t\t\n        \n            \t\t<div id=\"piotnetforms-trigger-success-contato\" data-piotnetforms-trigger-success=\"contato\" style=\"display: none\"><\/div>\n\t\t<div id=\"piotnetforms-trigger-failed-contato\" data-piotnetforms-trigger-failed=\"contato\" style=\"display: none\"><\/div>\n\t\t<div class=\"piotnetforms-alert piotnetforms-alert--mail\">\n\t\t\t<div class=\"piotnetforms-message piotnetforms-message-success\" role=\"alert\" data-piotnetforms-message=\"The form was sent successfully.\">The form was sent successfully.<\/div>\n\t\t\t<div class=\"piotnetforms-message piotnetforms-message-danger\" role=\"alert\" data-piotnetforms-message=\"An error occured.\">An error occured.<\/div>\n\t\t\t<!-- <div class=\"piotnetforms-message piotnetforms-help-inline\" role=\"alert\">Server error. Form not sent.<\/div> -->\n\t\t<\/div>\n\t\t\t\t<\/div>\n\t\t\t\t\t<\/div>\n\t\t<\/div>\t\t\t<\/div>\n\t\t<\/div><link rel=\"stylesheet\" href=\"https:\/\/cimisa.com.br\/wp-content\/uploads\/sites\/227\/piotnetforms\/css\/15001.css?ver=38\" media=\"all\"><\/form><\/div><div data-piotnetforms-ajax-url=\"https:\/\/cimisa.com.br\/wp-admin\/admin-ajax.php\"><\/div><div data-piotnetforms-plugin-url=\"https:\/\/cimisa.com.br\/wp-content\/plugins\"><\/div><div data-piotnetforms-tinymce-upload=\"https:\/\/cimisa.com.br\/wp-content\/plugins\/piotnetforms-pro\/inc\/forms\/tinymce\/tinymce-upload.php\"><\/div><div data-piotnetforms-stripe-key=\"\"><\/div><div class=\"piotnetforms-break-point\" data-piotnetforms-break-point-md=\"1025\" data-piotnetforms-break-point-lg=\"767\"><\/div>\t<\/div><\/div>\n<\/div>\n\n<\/div><\/div><\/div>\n\n\n<p><\/p>\n","protected":false},"excerpt":{"rendered":"","protected":false},"author":6,"featured_media":0,"parent":0,"menu_order":24,"comment_status":"closed","ping_status":"closed","template":"","meta":{"_acf_changed":false,"footnotes":""},"class_list":["post-16610","page","type-page","status-publish","hentry"],"acf":[],"_links":{"self":[{"href":"https:\/\/cimisa.com.br\/en\/wp-json\/wp\/v2\/pages\/16610","targetHints":{"allow":["GET"]}}],"collection":[{"href":"https:\/\/cimisa.com.br\/en\/wp-json\/wp\/v2\/pages"}],"about":[{"href":"https:\/\/cimisa.com.br\/en\/wp-json\/wp\/v2\/types\/page"}],"author":[{"embeddable":true,"href":"https:\/\/cimisa.com.br\/en\/wp-json\/wp\/v2\/users\/6"}],"replies":[{"embeddable":true,"href":"https:\/\/cimisa.com.br\/en\/wp-json\/wp\/v2\/comments?post=16610"}],"version-history":[{"count":1,"href":"https:\/\/cimisa.com.br\/en\/wp-json\/wp\/v2\/pages\/16610\/revisions"}],"predecessor-version":[{"id":16611,"href":"https:\/\/cimisa.com.br\/en\/wp-json\/wp\/v2\/pages\/16610\/revisions\/16611"}],"wp:attachment":[{"href":"https:\/\/cimisa.com.br\/en\/wp-json\/wp\/v2\/media?parent=16610"}],"curies":[{"name":"wp","href":"https:\/\/api.w.org\/{rel}","templated":true}]}}