{"id":16582,"date":"2024-10-28T16:49:58","date_gmt":"2024-10-28T19:49:58","guid":{"rendered":"https:\/\/cimisa.com.br\/?page_id=16582"},"modified":"2025-04-17T13:20:23","modified_gmt":"2025-04-17T16:20:23","slug":"a-empresa","status":"publish","type":"page","link":"https:\/\/cimisa.com.br\/es\/a-empresa\/","title":{"rendered":"A empresa"},"content":{"rendered":"<div class='rpd-row normal breaku002du002dmobile reverseu002du002dnever ' style='--mask_background: linear-gradient(360deg, rgb(0,38,5), rgba(255,255,255,0)); --row_attachment: none; --row_image: url(https:\/\/cdn.siterapido.rs\/wp-content\/uploads\/sites\/227\/2024\/06\/a-empresa-bg-quem-somos.jpg); --row_position: center center; --row_repeat: no-repeat; --row_size: cover; --padding_desktop: 100px 15px 100px 15px; --padding_tablet: 75px 15px 75px 15px; --padding_mobile: 50px 15px 50px 15px; --row_gap: 30px;' ><div class='row--mask'><div class='rpd-container'>\n<div class='rpd-spacer ' style='--spacing_desktop: 180px; --spacing_tablet: 180px; --spacing_mobile: 120px;'><\/div>\n\n<div class='rpd-wysiwyg text-lt ' style='--content_spacing_desktop: 30px; --h1_font: var(--font_heading); --h1_size_desktop: 25px; --h1_weight: 700; --h1_line_desktop: 1; --h1_color: rgb(255,255,255); --h2_font: var(--font_heading); --h2_size_desktop: 35px; --h2_weight: 700; --h2_line_desktop: 1; --h2_color: rgb(255,255,255); --h3_font: var(--font_heading); --h3_size_desktop: 19px; --h3_weight: 700; --h3_line_desktop: 1.3; --h3_color: #000000; --h4_font: var(--font_heading); --h4_size_desktop: 16px; --h4_weight: 700; --h4_line_desktop: 1.4; --h4_color: #000000; --h5_font: var(--font_heading); --h5_size_desktop: 14px; --h5_weight: 700; --h5_line_desktop: 1.5; --h5_color: #000000; --h6_font: var(--font_heading); --h6_size_desktop: 13px; --h6_weight: 700; --h6_line_desktop: 1.6; --h6_color: #000000; --content_font: var(--font_text); --content_size_desktop: 18px; --content_weight: 400; --content_line_desktop: 1.8; --content_spacing_tablet: 25px; --h1_size_tablet: 35px; --h1_line_tablet: 1.1; --h2_size_tablet: 20px; --h2_line_tablet: 1.2; --h3_size_tablet: 16px; --h3_line_tablet: 1.3; --h4_size_tablet: 13px; --h4_line_tablet: 1.4; --h5_size_tablet: 12px; --h5_line_tablet: 1.5; --h6_size_tablet: 11px; --h6_line_tablet: 1.6; --content_size_tablet: 18px; --content_line_mobile: 1.7; --content_spacing_mobile: 20px; --h1_size_mobile: 35px; --h1_line_mobile: 1.1; --h2_size_mobile: 16px; --h2_line_mobile: 1.2; --h3_size_mobile: 13px; --h3_line_mobile: 1.3; --h4_size_mobile: 11px; --h4_line_mobile: 1.4; --h5_size_mobile: 10px; --h5_line_mobile: 1.5; --h6_size_mobile: 9px; --h6_line_mobile: 1.6; --content_size_mobile: 18px; --content_line_mobile: 1.6; --color: rgb(255,255,255);'>\n\n<h2 class=\"wp-block-heading\" class=\"wp-block-heading\" id=\"mas-de-medio-siglo-de-historia\">M\u00c1S DE MEDIO SIGLO DE HISTORIA<\/h2>\n\n\n\n<h2 class=\"wp-block-heading\" class=\"wp-block-heading\" id=\"conozca-el-legado-de-cimisa\">Conozca el Legado de CIMISA<\/h2>\n\n\n\n<p>CIMISA comenz\u00f3 como una modesta distribuidora de maquinaria agr\u00edcola a principios de los a\u00f1os 70 en la ciudad de Tapejara\/RS. El fundador, Herm\u00ednio Paulino Pozzer (en memoria), transform\u00f3 la distribuidora en una empresa manufacturera al desarrollar la primera clasificadora de semillas de la marca.<\/p>\n\n\n\n<p>Desde entonces, CIMISA se ha consolidado como uno de los principales fabricantes de m\u00e1quinas para pre-limpieza, clasificaci\u00f3n, estandarizaci\u00f3n y tratamiento de semillas. Hoy en d\u00eda, nuestra presencia se extiende tanto en el mercado nacional como en el internacional, contribuyendo a que nuestros socios productores agreguen a\u00fan m\u00e1s valor a su producci\u00f3n.<\/p>\n\n\n\n<p>Con el legado de la tercera generaci\u00f3n de la familia Pozzer y el compromiso de nuestros colaboradores y distribuidores autorizados, llevamos la fuerza del agro brasile\u00f1o al mundo.<\/p>\n\n<\/div>\n<\/div><\/div><\/div>\n\n<div class='rpd-row normal breaku002du002dtablet reverseu002du002dnever ' style='--mask_background: rgba(248,248,248,0.59); --padding_desktop: 100px 15px 100px 15px; --padding_tablet: 75px 15px 75px 15px; --padding_mobile: 50px 15px 50px 15px; --row_gap: 30px;' ><div class='row--mask'><div class='rpd-container'>\n<div class='rpd-icons  '><div class='icons--list' style='--gap: 30px; --content: 30px; --background: #ffffff; --count_desktop: 3; --count_tablet: 2; --count_mobile: 1; --radius: 5px; --size: 49px;'><div class='list--item above left'><a href='' class='item--icon none' style='--background: #000000; --color: rgb(246,184,25); --background--hover: #666666; --radius: 5px; --color--hover: rgb(246,184,25);'><i class=\"fas fa-toolbox\" aria-hidden=\"true\"><\/i><\/a><div class='item--content'><a href='' class='content--text ' style='--font: var(--font_text); --size: 24px; --weight: 900; --line: 1.6; --marginTop: 15px; --background: #666666; --color: rgb(0,91,0); --background--hover: #000000; --color--hover: #666666; --radius: 5px;'>NEGOCIO<\/a><a href='' class='content--text ' style='--font: var(--font_text); --size: 16px; --weight: 400; --line: 1.6; --marginTop: 15px; --background: #666666; --color: #000000; --background--hover: #000000; --color--hover: #666666; --radius: 5px;'>Tecnolog\u00edas para pre-limpieza, clasificaci\u00f3n, estandarizaci\u00f3n y tratamiento de semillas.<\/a><\/div><\/div><div class='list--item above left'><a href='' class='item--icon none' style='--background: #000000; --color: rgb(246,184,25); --background--hover: #666666; --radius: 5px; --color--hover: rgb(246,184,25);'><i class=\"fas fa-bullseye\" aria-hidden=\"true\"><\/i><\/a><div class='item--content'><a href='' class='content--text ' style='--font: var(--font_text); --size: 24px; --weight: 900; --line: 1.6; --marginTop: 15px; --background: #666666; --color: rgb(0,91,0); --background--hover: #000000; --color--hover: #666666; --radius: 5px;'>MISI\u00d3N<\/a><a href='' class='content--text ' style='--font: var(--font_text); --size: 16px; --weight: 400; --line: 1.6; --marginTop: 15px; --background: #666666; --color: rgb(0,0,0); --background--hover: #000000; --color--hover: #666666; --radius: 5px;'>Desarrollar y producir equipos con tecnolog\u00edas para ampliar la productividad de las semillas.<\/a><\/div><\/div><div class='list--item above left'><a href='' class='item--icon none' style='--background: #000000; --color: rgb(246,184,25); --background--hover: #666666; --radius: 5px; --color--hover: rgb(246,184,25);'><i class=\"fas fa-eye\" aria-hidden=\"true\"><\/i><\/a><div class='item--content'><a href='' class='content--text ' style='--font: var(--font_text); --size: 24px; --weight: 900; --line: 1.6; --marginTop: 15px; --background: #666666; --color: rgb(0,91,0); --background--hover: #000000; --color--hover: #666666; --radius: 5px;'>VISI\u00d3N<\/a><a href='' class='content--text ' style='--font: var(--font_text); --size: 16px; --weight: 400; --line: 1.6; --marginTop: 15px; --background: #666666; --color: #000000; --background--hover: #000000; --color--hover: #666666; --radius: 5px;'>Ser una de las principales empresas del sector en Am\u00e9rica del Sur y con presencia creciente en nuevos pa\u00edses.<\/a><\/div><\/div><\/div><\/div>\n<\/div><\/div><\/div>\n\n<div class='rpd-row normal breaku002du002dtablet reverseu002du002dnever ' style='--mask_background: rgba(248,248,248,0.59); --padding_desktop: 50px 15px 100px 15px; --padding_tablet: 40px 15px 75px 15px; --padding_mobile: 30px 15px 50px 15px; --row_gap: 30px;' ><div class='row--mask'><div class='rpd-container'>\n<div class='rpd-wysiwyg text-lt ' style='--content_spacing_desktop: 30px; --h1_font: var(--font_heading); --h1_size_desktop: 32px; --h1_weight: 700; --h1_line_desktop: 1.1; --h1_color: #000000; --h2_font: var(--font_heading); --h2_size_desktop: 24px; --h2_weight: 900; --h2_line_desktop: 1.2; --h2_color: rgb(0,91,0); --h3_font: var(--font_heading); --h3_size_desktop: 19px; --h3_weight: 700; --h3_line_desktop: 1.3; --h3_color: #000000; --h4_font: var(--font_heading); --h4_size_desktop: 16px; --h4_weight: 700; --h4_line_desktop: 1.4; --h4_color: #000000; --h5_font: var(--font_heading); --h5_size_desktop: 14px; --h5_weight: 700; --h5_line_desktop: 1.5; --h5_color: #000000; --h6_font: var(--font_heading); --h6_size_desktop: 13px; --h6_weight: 700; --h6_line_desktop: 1.6; --h6_color: #000000; --content_font: var(--font_text); --content_size_desktop: 16px; --content_weight: 400; --content_line_desktop: 1.8; --content_spacing_tablet: 25px; --h1_size_tablet: 26px; --h1_line_tablet: 1.1; --h2_size_tablet: 20px; --h2_line_tablet: 1.2; --h3_size_tablet: 16px; --h3_line_tablet: 1.3; --h4_size_tablet: 13px; --h4_line_tablet: 1.4; --h5_size_tablet: 12px; --h5_line_tablet: 1.5; --h6_size_tablet: 11px; --h6_line_tablet: 1.6; --content_size_tablet: 15px; --content_line_mobile: 1.7; --content_spacing_mobile: 20px; --h1_size_mobile: 21px; --h1_line_mobile: 1.1; --h2_size_mobile: 16px; --h2_line_mobile: 1.2; --h3_size_mobile: 13px; --h3_line_mobile: 1.3; --h4_size_mobile: 11px; --h4_line_mobile: 1.4; --h5_size_mobile: 10px; --h5_line_mobile: 1.5; --h6_size_mobile: 9px; --h6_line_mobile: 1.6; --content_size_mobile: 14px; --content_line_mobile: 1.6; --color: #000000;'>\n\n<h2 class=\"wp-block-heading\" class=\"wp-block-heading\" id=\"valores\">     <strong>VALORES<\/strong><\/h2>\n\n<\/div>\n\n<div class='rpd-icons  '><div class='icons--list' style='--gap: 30px; --content: 30px; --background: rgb(255,255,255); --count_desktop: 3; --count_tablet: 2; --count_mobile: 1; --radius: 5px; --shadow: 10px 10px 30px 0 rgba(0,0,0,.05); --size: 30px;'><div class='list--item above left'><a href='' class='item--icon none' style='--background: #000000; --color: rgb(246,184,25); --background--hover: #666666; --radius: 5px; --color--hover: rgb(246,184,25);'><i class=\"fas fa-hands-helping\" aria-hidden=\"true\"><\/i><\/a><div class='item--content'><a href='' class='content--text ' style='--font: var(--font_text); --size: 20px; --weight: 900; --line: 1.1; --marginTop: 15px; --background: #666666; --color: rgb(0,91,0); --background--hover: #000000; --color--hover: #666666; --radius: 5px;'>COMPROMISO<br \/>\r\n<\/a><a href='' class='content--text ' style='--font: var(--font_text); --size: 16px; --weight: 400; --line: 1.6; --marginTop: 15px; --background: #666666; --color: #000000; --background--hover: #000000; --color--hover: #666666; --radius: 5px;'>Demostrar esfuerzo y dedicaci\u00f3n en todas las acciones que involucren a la empresa.<\/a><\/div><\/div><div class='list--item above left'><a href='' class='item--icon none' style='--background: #000000; --color: rgb(246,184,25); --background--hover: #666666; --radius: 5px; --color--hover: rgb(246,184,25);'><i class=\"fas fa-handshake\" aria-hidden=\"true\"><\/i><\/a><div class='item--content'><a href='' class='content--text ' style='--font: var(--font_text); --size: 20px; --weight: 900; --line: 1.6; --marginTop: 15px; --background: #666666; --color: rgb(0,91,0); --background--hover: #000000; --color--hover: #666666; --radius: 5px;'>CONFIANZA<\/a><a href='' class='content--text ' style='--font: var(--font_text); --size: 16px; --weight: 400; --line: 1.6; --marginTop: 15px; --background: #666666; --color: #000000; --background--hover: #000000; --color--hover: #666666; --radius: 5px;'>Actuar con transparencia, honestidad y \u00e9tica profesional.<\/a><\/div><\/div><div class='list--item above left'><a href='' class='item--icon none' style='--background: #000000; --color: rgb(246,184,25); --background--hover: #666666; --radius: 5px; --color--hover: rgb(246,184,25);'><i class=\"fas fa-users-cog\" aria-hidden=\"true\"><\/i><\/a><div class='item--content'><a href='' class='content--text ' style='--font: var(--font_text); --size: 20px; --weight: 900; --line: 1.6; --marginTop: 15px; --background: #666666; --color: rgb(0,91,0); --background--hover: #000000; --color--hover: #666666; --radius: 5px;'>PROFESIONALISMO<\/a><a href='' class='content--text ' style='--font: var(--font_text); --size: 16px; --weight: 400; --line: 1.6; --marginTop: 15px; --background: #666666; --color: #000000; --background--hover: #000000; --color--hover: #666666; --radius: 5px;'>Desempe\u00f1ar las actividades con cuidado, calidad, puntualidad y objetividad.<\/a><\/div><\/div><div class='list--item above left'><a href='' class='item--icon none' style='--background: #000000; --color: rgb(246,184,25); --background--hover: #666666; --radius: 5px; --color--hover: rgb(246,184,25);'><i class=\"fas fa-hand-holding-heart\" aria-hidden=\"true\"><\/i><\/a><div class='item--content'><a href='' class='content--text ' style='--font: var(--font_text); --size: 20px; --weight: 900; --line: 1.6; --marginTop: 15px; --background: #666666; --color: rgb(0,91,0); --background--hover: #000000; --color--hover: #666666; --radius: 5px;'>RESPETO<\/a><a href='' class='content--text ' style='--font: var(--font_text); --size: 16px; --weight: 400; --line: 1.6; --marginTop: 15px; --background: #666666; --color: #000000; --background--hover: #000000; --color--hover: #666666; --radius: 5px;'>Tratar a los dem\u00e1s como te gustar\u00eda ser tratado, valorando la cortes\u00eda y la amabilidad.<\/a><\/div><\/div><div class='list--item above left'><a href='' class='item--icon none' style='--background: #000000; --color: rgb(246,184,25); --background--hover: #666666; --radius: 5px; --color--hover: rgb(246,184,25);'><i class=\"fas fa-user-cog\" aria-hidden=\"true\"><\/i><\/a><div class='item--content'><a href='' class='content--text ' style='--font: var(--font_text); --size: 20px; --weight: 900; --line: 1.6; --marginTop: 15px; --background: #666666; --color: rgb(0,91,0); --background--hover: #000000; --color--hover: #666666; --radius: 5px;'>RESPONSABILIDAD<\/a><a href='' class='content--text ' style='--font: var(--font_text); --size: 16px; --weight: 400; --line: 1.6; --marginTop: 15px; --background: #666666; --color: #000000; --background--hover: #000000; --color--hover: #666666; --radius: 5px;'>Asumir y cumplir compromisos inherentes a sus actividades.<\/a><\/div><\/div><div class='list--item above left'><a href='' class='item--icon none' style='--background: #000000; --color: rgb(246,184,25); --background--hover: #666666; --radius: 5px; --color--hover: rgb(246,184,25);'><i class=\"fas fa-trophy\" aria-hidden=\"true\"><\/i><\/a><div class='item--content'><a href='' class='content--text ' style='--font: var(--font_text); --size: 20px; --weight: 900; --line: 1.6; --marginTop: 15px; --background: #666666; --color: rgb(0,91,0); --background--hover: #000000; --color--hover: #666666; --radius: 5px;'>VALORIZACI\u00d3N<\/a><a href='' class='content--text ' style='--font: var(--font_text); --size: 16px; --weight: 400; --line: 1.6; --marginTop: 15px; --background: #666666; --color: #000000; --background--hover: #000000; --color--hover: #666666; --radius: 5px;'>Reconocer la importancia del trabajo de las personas.<\/a><\/div><\/div><\/div><\/div>\n<\/div><\/div><\/div>\n\n<div class='rpd-row full breaku002du002dtablet reverseu002du002dnever ' style='--mask_background: #ffffff; --padding_desktop: 0px 0px 0px 0px; --padding_tablet: 0px 0px 0px 0px; --padding_mobile: 0px 0px 0px 0px; --row_gap: 30px;' ><div class='row--mask'><div class='rpd-container'>\n<div class='rpd-video  above ' style='--background_image: url(https:\/\/cdn.siterapido.rs\/wp-content\/uploads\/sites\/227\/2024\/06\/home-cimisa-graos-home.jpg); --mask: ; --background_play: rgb(0,91,0); --color_play: rgb(248,248,248); --height_desktop: 500px; --height_tablet: 500px; --height_mobile: 450px;'><div class='video--mask'><a  data-fancybox href='https:\/\/www.youtube.com\/embed\/pZEnieRkchQ?feature=oembed'><div class='rpd-container'><div class='video--play'><i class='fas fa-play'><\/i><\/div>\n<div class='rpd-wysiwyg text-lt ' style='--content_spacing_desktop: 30px; --h1_font: var(--font_heading); --h1_size_desktop: 32px; --h1_weight: 700; --h1_line_desktop: 1.1; --h1_color: #000000; --h2_font: var(--font_heading); --h2_size_desktop: 24px; --h2_weight: 700; --h2_line_desktop: 1.2; --h2_color: rgb(248,248,248); --h3_font: var(--font_heading); --h3_size_desktop: 19px; --h3_weight: 700; --h3_line_desktop: 1.3; --h3_color: #000000; --h4_font: var(--font_heading); --h4_size_desktop: 16px; --h4_weight: 700; --h4_line_desktop: 1.4; --h4_color: #000000; --h5_font: var(--font_heading); --h5_size_desktop: 14px; --h5_weight: 700; --h5_line_desktop: 1.5; --h5_color: #000000; --h6_font: var(--font_heading); --h6_size_desktop: 13px; --h6_weight: 700; --h6_line_desktop: 1.6; --h6_color: #000000; --content_font: var(--font_text); --content_size_desktop: 18px; --content_weight: 700; --content_line_desktop: 1.8; --content_spacing_tablet: 25px; --h1_size_tablet: 26px; --h1_line_tablet: 1.1; --h2_size_tablet: 20px; --h2_line_tablet: 1.2; --h3_size_tablet: 16px; --h3_line_tablet: 1.3; --h4_size_tablet: 13px; --h4_line_tablet: 1.4; --h5_size_tablet: 12px; --h5_line_tablet: 1.5; --h6_size_tablet: 11px; --h6_line_tablet: 1.6; --content_size_tablet: 15px; --content_line_mobile: 1.7; --content_spacing_mobile: 20px; --h1_size_mobile: 21px; --h1_line_mobile: 1.1; --h2_size_mobile: 16px; --h2_line_mobile: 1.2; --h3_size_mobile: 13px; --h3_line_mobile: 1.3; --h4_size_mobile: 11px; --h4_line_mobile: 1.4; --h5_size_mobile: 10px; --h5_line_mobile: 1.5; --h6_size_mobile: 9px; --h6_line_mobile: 1.6; --content_size_mobile: 14px; --content_line_mobile: 1.6; --color: rgb(255,255,255);'>\n\n<h2 class=\"wp-block-heading\" class=\"wp-block-heading\" id=\"mas-sobre-cimisa\">M\u00c1S SOBRE <strong>CIMISA<\/strong><\/h2>\n\n<\/div>\n<\/div><\/a><\/div><\/div>\n<\/div><\/div><\/div>","protected":false},"excerpt":{"rendered":"","protected":false},"author":6,"featured_media":0,"parent":0,"menu_order":39,"comment_status":"closed","ping_status":"closed","template":"","meta":{"_acf_changed":false,"footnotes":""},"class_list":["post-16582","page","type-page","status-publish","hentry"],"acf":[],"_links":{"self":[{"href":"https:\/\/cimisa.com.br\/es\/wp-json\/wp\/v2\/pages\/16582","targetHints":{"allow":["GET"]}}],"collection":[{"href":"https:\/\/cimisa.com.br\/es\/wp-json\/wp\/v2\/pages"}],"about":[{"href":"https:\/\/cimisa.com.br\/es\/wp-json\/wp\/v2\/types\/page"}],"author":[{"embeddable":true,"href":"https:\/\/cimisa.com.br\/es\/wp-json\/wp\/v2\/users\/6"}],"replies":[{"embeddable":true,"href":"https:\/\/cimisa.com.br\/es\/wp-json\/wp\/v2\/comments?post=16582"}],"version-history":[{"count":3,"href":"https:\/\/cimisa.com.br\/es\/wp-json\/wp\/v2\/pages\/16582\/revisions"}],"predecessor-version":[{"id":16985,"href":"https:\/\/cimisa.com.br\/es\/wp-json\/wp\/v2\/pages\/16582\/revisions\/16985"}],"wp:attachment":[{"href":"https:\/\/cimisa.com.br\/es\/wp-json\/wp\/v2\/media?parent=16582"}],"curies":[{"name":"wp","href":"https:\/\/api.w.org\/{rel}","templated":true}]}}