{"id":16599,"date":"2024-05-22T14:37:22","date_gmt":"2024-05-22T17:37:22","guid":{"rendered":"https:\/\/cimisa.com.br\/?page_id=16599"},"modified":"2025-04-17T13:23:40","modified_gmt":"2025-04-17T16:23:40","slug":"trabaje-con-nosotros","status":"publish","type":"page","link":"https:\/\/cimisa.com.br\/es\/trabaje-con-nosotros\/","title":{"rendered":"Trabaje con Nosotros"},"content":{"rendered":"<div class='rpd-row full break--mobile reverse--never ' style='--mask_background: linear-gradient(360deg, rgba(0,38,5,0), rgba(255,255,255,0)); --padding_desktop: 0px 0px 0px 0px; --padding_tablet: 0px 0px 0px 0px; --padding_mobile: 0px 0px 0px 0px; --row_gap: 30px;' ><div class='row--mask'><div class='rpd-container'>\n<style type='text\/css'> [data--ajax-url], [data--plugin-url], [data--tinymce-upload], [data--stripe-key], .-break-point, script { display: none !important; } <\/style><div class='rpd-slider  ' data-slick='{}' style='--color: rgb(255,255,255); --height_desktop: 700px; --height_tablet: 700px; --height_mobile: 680px;'><div class='test__item'><div class=\"slider--item left \"><div class=\"slider--backgrounds\"><div class=\"background--desktop\" style=\"background-image: url(https:\/\/cdn.siterapido.rs\/wp-content\/uploads\/sites\/227\/2024\/06\/a-empresa-trabalhe-conosco.jpeg);\"><\/div><div class=\"background--tablet\" style=\"background-image: url(https:\/\/cdn.siterapido.rs\/wp-content\/uploads\/sites\/227\/2024\/06\/a-empresa-trabalhe-conosco.jpeg);\"><\/div><div class=\"background--mobile\" style=\"background-image: url(https:\/\/cdn.siterapido.rs\/wp-content\/uploads\/sites\/227\/2024\/07\/slide-trabalhe-conosco-banner-mobile-03.jpg);\"><\/div><\/div><div class=\"slider--mask\" style=\"--mask: ;\"><div class=\"rpd-container\"><\/div><\/div><\/div><\/div><\/div>\n<\/div><\/div><\/div>\n\n<div class='rpd-row normal break--mobile reverse--never ' style='--mask_background: rgba(248,248,248,0.59); --row_attachment: none; --row_image: url(https:\/\/cdn.siterapido.rs\/wp-content\/uploads\/sites\/227\/2024\/05\/home-fund-home-cimisa.png); --row_position: center center; --row_repeat: no-repeat; --row_size: contain; --padding_desktop: 40px 15px 100px 15px; --padding_tablet: 40px 15px 75px 15px; --padding_mobile: 30px 15px 50px 15px; --row_gap: 30px;' ><div class='row--mask'><div class='rpd-container'>\n\n<div class=\"wp-block-columns\">\n<div class=\"wp-block-column\" style=\"flex-basis:10%\"><\/div>\n\n\n\n<div class=\"wp-block-column\"><div class='rpd-wysiwyg text-lt ' style='--content_spacing_desktop: 30px; --h1_font: var(--font_heading); --h1_size_desktop: 35px; --h1_weight: 700; --h1_line_desktop: 1.1; --h1_color: rgb(0,91,0); --h2_font: var(--font_heading); --h2_size_desktop: 24px; --h2_weight: 700; --h2_line_desktop: 1.2; --h2_color: #000000; --h3_font: var(--font_heading); --h3_size_desktop: 19px; --h3_weight: 700; --h3_line_desktop: 1.3; --h3_color: #000000; --h4_font: var(--font_heading); --h4_size_desktop: 16px; --h4_weight: 700; --h4_line_desktop: 1.4; --h4_color: #000000; --h5_font: var(--font_heading); --h5_size_desktop: 14px; --h5_weight: 700; --h5_line_desktop: 1.5; --h5_color: #000000; --h6_font: var(--font_heading); --h6_size_desktop: 13px; --h6_weight: 700; --h6_line_desktop: 1.6; --h6_color: #000000; --content_font: var(--font_text); --content_size_desktop: 18px; --content_weight: 400; --content_line_desktop: 1.8; --content_spacing_tablet: 25px; --h1_size_tablet: 35px; --h1_line_tablet: 1.1; --h2_size_tablet: 20px; --h2_line_tablet: 1.2; --h3_size_tablet: 16px; --h3_line_tablet: 1.3; --h4_size_tablet: 13px; --h4_line_tablet: 1.4; --h5_size_tablet: 12px; --h5_line_tablet: 1.5; --h6_size_tablet: 11px; --h6_line_tablet: 1.6; --content_size_tablet: 18px; --content_line_mobile: 1.7; --content_spacing_mobile: 20px; --h1_size_mobile: 35px; --h1_line_mobile: 1.1; --h2_size_mobile: 16px; --h2_line_mobile: 1.2; --h3_size_mobile: 13px; --h3_line_mobile: 1.3; --h4_size_mobile: 11px; --h4_line_mobile: 1.4; --h5_size_mobile: 10px; --h5_line_mobile: 1.5; --h6_size_mobile: 9px; --h6_line_mobile: 1.6; --content_size_mobile: 18px; --content_line_mobile: 1.6; --color: rgb(0,0,0);'>\n\n<h1 class=\"wp-block-heading has-text-align-center\">Desde hace m\u00e1s de cinco d\u00e9cadas, nuestras m\u00e1quinas han ayudado a productores en Brasil y en diversos pa\u00edses a mejorar la producci\u00f3n de semillas y granos.<\/h1>\n\n\n\n<p class=\"has-text-align-center\">Seguimos creciendo y estamos en busca de talentos para formar parte de este legado. Si est\u00e1s interesado(a) en oportunidades en CIMISA, por favor completa el formulario y registra tu curr\u00edculum en nuestra bolsa de talentos.<\/p>\n\n<\/div><\/div>\n\n\n\n<div class=\"wp-block-column\" style=\"flex-basis:10%\"><\/div>\n<\/div>\n\n\n<div class='rpd-spacer ' style='--spacing_desktop: 30px; --spacing_tablet: 30px; --spacing_mobile: 30px;'><\/div>\n\n<div class='rpd-form  ' style='--width_desktop: 100%; --width_tablet: 100%; --width_mobile: 100%;'><div id=\"piotnetforms\" class=\"piotnetforms piotnetforms-15000\" data-piotnetforms-shortcode-id=\"15000\"><form id=\"contato\" class=\"piotnetforms__form\" onsubmit=\"return false\"><div class=\"piotnet-section p14308754\">\t\t\t\t\t\t<div class=\"piotnet-section__container\"\n\t\t>\n\t\t<div class=\"piotnet-column p57318342\">\t\t\t\t\t\t<div class=\"piotnet-column__inner\"\n\t\t\t>\n\t\t<h2 class=\"p81800971\" class=\"p81800971\" id=\"preencha-as-informacoes-abaixo-para-entrar-no-nosso-banco-de-talentos\">Preencha as informa\u00e7\u00f5es abaixo para entrar no nosso banco de talentos:<\/h2>\t\t\n\t\t<div class=\"p05154044 piotnetforms-fields-wrapper piotnetforms-labels-above\">\n\t\t\t<div class=\"piotnetforms-field-type-text piotnetforms-field-group piotnetforms-column  piotnetforms-field-group-cargo_tbr piotnetforms-col-100 piotnetforms-field-required piotnetforms-mark-required\">\n\t\t\t\t<label for=\"form-field-cargo_tbr\" class=\"piotnetforms-field-label\">Cargo pretendido<\/label><div data-piotnetforms-required><\/div><div class=\"piotnetforms-field-container\"><input size=\"1\" class=\"piotnetforms-field piotnetforms-size-\" type=\"text\" name=\"form_fields[cargo_tbr]\" id=\"form-field-cargo_tbr\" autocomplete=\"on\" data-piotnetforms-default-value=\"\" required=\"required\" aria-required=\"true\" data-piotnetforms-id=\"contato\"><\/div>\t\t\t<\/div>\n\t\t<\/div>\n\t\t\t\n\t\t<div class=\"p90575142 piotnetforms-fields-wrapper piotnetforms-labels-above\">\n\t\t\t<div class=\"piotnetforms-field-type-text piotnetforms-field-group piotnetforms-column  piotnetforms-field-group-nome_tbr piotnetforms-col-100 piotnetforms-field-required piotnetforms-mark-required\">\n\t\t\t\t<label for=\"form-field-nome_tbr\" class=\"piotnetforms-field-label\">Nome<\/label><div data-piotnetforms-required><\/div><div class=\"piotnetforms-field-container\"><input size=\"1\" class=\"piotnetforms-field piotnetforms-size-\" type=\"text\" name=\"form_fields[nome_tbr]\" id=\"form-field-nome_tbr\" autocomplete=\"on\" data-piotnetforms-default-value=\"\" required=\"required\" aria-required=\"true\" data-piotnetforms-id=\"contato\"><\/div>\t\t\t<\/div>\n\t\t<\/div>\n\t\t\t\n\t\t<div class=\"p77171827 piotnetforms-fields-wrapper piotnetforms-labels-above\">\n\t\t\t<div class=\"piotnetforms-field-type-number piotnetforms-field-group piotnetforms-column  piotnetforms-field-group-cpf_tbr piotnetforms-col-100 piotnetforms-field-required piotnetforms-mark-required\">\n\t\t\t\t<label for=\"form-field-cpf_tbr\" class=\"piotnetforms-field-label\">CPF<\/label><div data-piotnetforms-required><\/div><div class=\"piotnetforms-field-container\"><input class=\"piotnetforms-field piotnetforms-size- piotnetforms-field-textual\" type=\"number\" name=\"form_fields[cpf_tbr]\" id=\"form-field-cpf_tbr\" autocomplete=\"on\" data-piotnetforms-default-value=\"\" required=\"required\" aria-required=\"true\" data-piotnetforms-id=\"contato\" data-piotnetforms-remove-value=\"false\" step=\"any\"><\/div>\t\t\t<\/div>\n\t\t<\/div>\n\t\t\t\n\t\t<div class=\"p04315877 piotnetforms-fields-wrapper piotnetforms-labels-above\">\n\t\t\t<div class=\"piotnetforms-field-type-text piotnetforms-field-group piotnetforms-column  piotnetforms-field-group-nacionalidade_tbr piotnetforms-col-100 piotnetforms-field-required piotnetforms-mark-required\">\n\t\t\t\t<label for=\"form-field-nacionalidade_tbr\" class=\"piotnetforms-field-label\">Nacionalidade<\/label><div data-piotnetforms-required><\/div><div class=\"piotnetforms-field-container\"><input size=\"1\" class=\"piotnetforms-field piotnetforms-size-\" type=\"text\" name=\"form_fields[nacionalidade_tbr]\" id=\"form-field-nacionalidade_tbr\" autocomplete=\"on\" data-piotnetforms-default-value=\"\" required=\"required\" aria-required=\"true\" data-piotnetforms-id=\"contato\"><\/div>\t\t\t<\/div>\n\t\t<\/div>\n\t\t\t\n\t\t<div class=\"p68918389 piotnetforms-fields-wrapper piotnetforms-labels-above\">\n\t\t\t<div class=\"piotnetforms-field-type-date piotnetforms-field-group piotnetforms-column  piotnetforms-field-group-nascimento_tbr piotnetforms-col-100 piotnetforms-field-required piotnetforms-mark-required\">\n\t\t\t\t<label for=\"form-field-nascimento_tbr\" class=\"piotnetforms-field-label\">Data de nascimento<\/label><div data-piotnetforms-required><\/div><div class=\"piotnetforms-field-container\"><input class=\"piotnetforms-field piotnetforms-size- piotnetforms-field-textual piotnetforms-date-field\" type=\"date\" name=\"form_fields[nascimento_tbr]\" id=\"form-field-nascimento_tbr\" autocomplete=\"on\" data-piotnetforms-default-value=\"\" required=\"required\" aria-required=\"true\" data-piotnetforms-id=\"contato\" data-piotnetforms-date-calculate=\"\" data-date-format=\"j \\d\\e F \\d\\e Y\" data-piotnetforms-date-language=\"english\"><\/div>\t\t\t<\/div>\n\t\t<\/div>\n\t\t\t\n\t\t<div class=\"p98180747 piotnetforms-fields-wrapper piotnetforms-labels-above\">\n\t\t\t<div class=\"piotnetforms-field-type-tel piotnetforms-field-group piotnetforms-column  piotnetforms-field-group-telefone_tbr piotnetforms-col-100 piotnetforms-field-required piotnetforms-mark-required\">\n\t\t\t\t<label for=\"form-field-telefone_tbr\" class=\"piotnetforms-field-label\">Telefone para contato<\/label><div data-piotnetforms-required><\/div><div class=\"piotnetforms-field-container\"><input size=\"1\" class=\"piotnetforms-field piotnetforms-size-\" type=\"tel\" name=\"form_fields[telefone_tbr]\" id=\"form-field-telefone_tbr\" autocomplete=\"on\" data-piotnetforms-default-value=\"\" required=\"required\" aria-required=\"true\" data-piotnetforms-id=\"contato\" pattern=\"[0-9()#&amp;+*-=.\\s]+\" title=\"Only numbers and phone characters (#, -, *, etc) are accepted.\"><\/div>\t\t\t<\/div>\n\t\t<\/div>\n\t\t\t\n\t\t<div class=\"p85149464 piotnetforms-fields-wrapper piotnetforms-labels-above\">\n\t\t\t<div class=\"piotnetforms-field-type-email piotnetforms-field-group piotnetforms-column  piotnetforms-field-group-email_tbr piotnetforms-col-100 piotnetforms-field-required piotnetforms-mark-required\">\n\t\t\t\t<label for=\"form-field-email_tbr\" class=\"piotnetforms-field-label\">E-mail<\/label><div data-piotnetforms-required><\/div><div class=\"piotnetforms-field-container\"><input size=\"1\" class=\"piotnetforms-field piotnetforms-size-\" type=\"email\" name=\"form_fields[email_tbr]\" id=\"form-field-email_tbr\" autocomplete=\"on\" data-piotnetforms-default-value=\"\" required=\"required\" aria-required=\"true\" data-piotnetforms-id=\"contato\"><\/div>\t\t\t<\/div>\n\t\t<\/div>\n\t\t\t\n\t\t<div class=\"p00588906 piotnetforms-fields-wrapper piotnetforms-labels-above\">\n\t\t\t<div class=\"piotnetforms-field-type-text piotnetforms-field-group piotnetforms-column  piotnetforms-field-group-endereco_tbr piotnetforms-col-100 piotnetforms-field-required piotnetforms-mark-required\">\n\t\t\t\t<label for=\"form-field-endereco_tbr\" class=\"piotnetforms-field-label\">Endere\u00e7o<\/label><div data-piotnetforms-required><\/div><div class=\"piotnetforms-field-container\"><input size=\"1\" class=\"piotnetforms-field piotnetforms-size-\" type=\"text\" name=\"form_fields[endereco_tbr]\" id=\"form-field-endereco_tbr\" autocomplete=\"on\" data-piotnetforms-default-value=\"\" required=\"required\" aria-required=\"true\" data-piotnetforms-id=\"contato\"><\/div>\t\t\t<\/div>\n\t\t<\/div>\n\t\t\t\n\t\t<div class=\"p85451911 piotnetforms-fields-wrapper piotnetforms-labels-above\">\n\t\t\t<div class=\"piotnetforms-field-type-text piotnetforms-field-group piotnetforms-column  piotnetforms-field-group-escolaridade piotnetforms-col-100 piotnetforms-field-required piotnetforms-mark-required\">\n\t\t\t\t<label for=\"form-field-escolaridade\" class=\"piotnetforms-field-label\">Escolaridade<\/label><div data-piotnetforms-required><\/div><div class=\"piotnetforms-field-container\"><input size=\"1\" class=\"piotnetforms-field piotnetforms-size-\" type=\"text\" name=\"form_fields[escolaridade]\" id=\"form-field-escolaridade\" autocomplete=\"on\" data-piotnetforms-default-value=\"\" required=\"required\" aria-required=\"true\" data-piotnetforms-id=\"contato\"><\/div>\t\t\t<\/div>\n\t\t<\/div>\n\t\t\t\n\t\t<div class=\"p71871048 piotnetforms-fields-wrapper piotnetforms-labels-above\">\n\t\t\t<div class=\"piotnetforms-field-type-textarea piotnetforms-field-group piotnetforms-column  piotnetforms-field-group-cursos_tbr piotnetforms-col-100 piotnetforms-field-required piotnetforms-mark-required\">\n\t\t\t\t<label for=\"form-field-cursos_tbr\" class=\"piotnetforms-field-label\">Outros cursos<\/label><div data-piotnetforms-required><\/div><div class=\"piotnetforms-field-container\"><textarea class=\"piotnetforms-field-textual piotnetforms-field piotnetforms-size-\" name=\"form_fields[cursos_tbr]\" id=\"form-field-cursos_tbr\" rows=\"10\" required=\"required\" aria-required=\"true\" data-piotnetforms-default-value=\"\" data-piotnetforms-id=\"contato\"><\/textarea><\/div>\t\t\t<\/div>\n\t\t<\/div>\n\t\t\t\n\t\t<div class=\"p70101171 piotnetforms-fields-wrapper piotnetforms-labels-above\">\n\t\t\t<div class=\"piotnetforms-field-type-textarea piotnetforms-field-group piotnetforms-column  piotnetforms-field-group-experiencia_tbr piotnetforms-col-100 piotnetforms-field-required piotnetforms-mark-required\">\n\t\t\t\t<label for=\"form-field-experiencia_tbr\" class=\"piotnetforms-field-label\">Experi\u00eancia profissional <\/label><div data-piotnetforms-required><\/div><div class=\"piotnetforms-field-container\"><textarea class=\"piotnetforms-field-textual piotnetforms-field piotnetforms-size-\" name=\"form_fields[experiencia_tbr]\" id=\"form-field-experiencia_tbr\" rows=\"12\" required=\"required\" aria-required=\"true\" data-piotnetforms-default-value=\"\" data-piotnetforms-id=\"contato\"><\/textarea><\/div>\t\t\t<\/div>\n\t\t<\/div>\n\t\t\t\n\t\t<div class=\"p10560156 piotnetforms-fields-wrapper piotnetforms-labels-above\">\n\t\t\t<div class=\"piotnetforms-field-type-upload piotnetforms-field-group piotnetforms-column  piotnetforms-field-group-curriculo_tbr piotnetforms-col-100\">\n\t\t\t\t<label for=\"form-field-curriculo_tbr\" class=\"piotnetforms-field-label\">Anexe seu curr\u00edculo<\/label><div data-piotnetforms-required><\/div><div class=\"piotnetforms-field-container\"><input type=\"file\" class=\"piotnetforms-field piotnetforms-size-\" type=\"upload\" name=\"upload_field\" id=\"form-field-curriculo_tbr\" autocomplete=\"on\" data-piotnetforms-default-value=\"\" data-maxsize=\"10\" data-maxsize-message=\"Arquivo maior que 10MB por favor anexar um arquivo menor\" data-piotnetforms-id=\"contato\"><div class=\"piotnetforms-upload-preview\"><\/div><\/div>\t\t\t<\/div>\n\t\t<\/div>\n\t<p class=\"p43661143\">Ao clicar em \"Enviar candidatura\" voc\u00ea concorda que entraremos em contato com voc\u00ea atrav\u00e9s dos dados fornecidos para passarmos mais informa\u00e7\u00f5es sobre os servi\u00e7os de seu interesse. Esses dados ser\u00e3o armazenados internamente seguindo padr\u00f5es de seguran\u00e7a e a nossa  <a href=\"https:\/\/cimisa.com.br\/wp-content\/uploads\/sites\/227\/2024\/05\/campos-representantes-politica-de-privacidade-cimisa-1.pdf\" style=\"color:rgba(124, 124, 143, 1)\" target=\"_blank\">Politica de privacidade<\/a>.<\/p>\n\t\t<div class=\"p41465768 piotnetforms-submit piotnetforms-button-wrapper\">\n\n\t\t\t\t<input type=\"hidden\" name=\"post_id\" value=\"15000\" data-piotnetforms-hidden-form-id=\"contato\"\/>\n\t\t<input type=\"hidden\" name=\"form_id\" value=\"p41465768\" data-piotnetforms-hidden-form-id=\"contato\"\/>\n\t\t<input type=\"hidden\" name=\"remote_ip\" value=\"216.73.216.9\" data-piotnetforms-hidden-form-id=\"contato\"\/>\n\n\t\t\n\t\t\n\t\t\n\t\t\n\t\t<button class=\"piotnetforms-button\" type=\"submit\" role=\"button\" data-piotnetforms-required-text=\"This field is required.\" data-piotnetforms-submit-form-id=\"contato\" data-piotnetforms-submit-keyboard=\"false\" data-piotnetforms-submit-hide=\"false\">\n\t\t\t\t\t<span class=\"piotnetforms-button-content-wrapper\">\n\t\t\t<span class=\"piotnetforms-button-text piotnetforms-spinner\"><span class=\"icon-spinner-of-dots\"><\/span><\/span>\n\t\t\t\t\t\t<span class=\"piotnetforms-button-text\">ENVIAR CANDIDATURA<\/span>\n\t\t<\/span>\n\t\t\t\t<\/button>\n\t\t\n\t\t        \t\t        \t\t\n\t\t\n\t\t\n        \n            \t\t<div id=\"piotnetforms-trigger-success-contato\" data-piotnetforms-trigger-success=\"contato\" style=\"display: none\"><\/div>\n\t\t<div id=\"piotnetforms-trigger-failed-contato\" data-piotnetforms-trigger-failed=\"contato\" style=\"display: none\"><\/div>\n\t\t<div class=\"piotnetforms-alert piotnetforms-alert--mail\">\n\t\t\t<div class=\"piotnetforms-message piotnetforms-message-success\" role=\"alert\" data-piotnetforms-message=\"The form was sent successfully.\">The form was sent successfully.<\/div>\n\t\t\t<div class=\"piotnetforms-message piotnetforms-message-danger\" role=\"alert\" data-piotnetforms-message=\"An error occured.\">An error occured.<\/div>\n\t\t\t<!-- <div class=\"piotnetforms-message piotnetforms-help-inline\" role=\"alert\">Server error. Form not sent.<\/div> -->\n\t\t<\/div>\n\t\t\t\t<\/div>\n\t\t\t\t\t<\/div>\n\t\t<\/div>\t\t\t<\/div>\n\t\t<\/div><link rel=\"stylesheet\" href=\"https:\/\/cimisa.com.br\/wp-content\/uploads\/sites\/227\/piotnetforms\/css\/15000.css?ver=49\" media=\"all\"><\/form><\/div><div data-piotnetforms-ajax-url=\"https:\/\/cimisa.com.br\/wp-admin\/admin-ajax.php\"><\/div><div data-piotnetforms-plugin-url=\"https:\/\/cimisa.com.br\/wp-content\/plugins\"><\/div><div data-piotnetforms-tinymce-upload=\"https:\/\/cimisa.com.br\/wp-content\/plugins\/piotnetforms-pro\/inc\/forms\/tinymce\/tinymce-upload.php\"><\/div><div data-piotnetforms-stripe-key=\"\"><\/div><div class=\"piotnetforms-break-point\" data-piotnetforms-break-point-md=\"1025\" data-piotnetforms-break-point-lg=\"767\"><\/div>\t<\/div>\n<\/div><\/div><\/div>","protected":false},"excerpt":{"rendered":"","protected":false},"author":6,"featured_media":0,"parent":0,"menu_order":31,"comment_status":"closed","ping_status":"closed","template":"","meta":{"_acf_changed":false,"footnotes":""},"class_list":["post-16599","page","type-page","status-publish","hentry"],"acf":[],"_links":{"self":[{"href":"https:\/\/cimisa.com.br\/es\/wp-json\/wp\/v2\/pages\/16599","targetHints":{"allow":["GET"]}}],"collection":[{"href":"https:\/\/cimisa.com.br\/es\/wp-json\/wp\/v2\/pages"}],"about":[{"href":"https:\/\/cimisa.com.br\/es\/wp-json\/wp\/v2\/types\/page"}],"author":[{"embeddable":true,"href":"https:\/\/cimisa.com.br\/es\/wp-json\/wp\/v2\/users\/6"}],"replies":[{"embeddable":true,"href":"https:\/\/cimisa.com.br\/es\/wp-json\/wp\/v2\/comments?post=16599"}],"version-history":[{"count":3,"href":"https:\/\/cimisa.com.br\/es\/wp-json\/wp\/v2\/pages\/16599\/revisions"}],"predecessor-version":[{"id":16988,"href":"https:\/\/cimisa.com.br\/es\/wp-json\/wp\/v2\/pages\/16599\/revisions\/16988"}],"wp:attachment":[{"href":"https:\/\/cimisa.com.br\/es\/wp-json\/wp\/v2\/media?parent=16599"}],"curies":[{"name":"wp","href":"https:\/\/api.w.org\/{rel}","templated":true}]}}