{"id":16608,"date":"2024-05-22T14:38:22","date_gmt":"2024-05-22T17:38:22","guid":{"rendered":"https:\/\/cimisa.com.br\/?page_id=16608"},"modified":"2025-04-17T10:43:01","modified_gmt":"2025-04-17T13:43:01","slug":"ubs","status":"publish","type":"page","link":"https:\/\/cimisa.com.br\/es\/ubs\/","title":{"rendered":"UBS"},"content":{"rendered":"<div class='rpd-row  rpd-hidden-desktop  rpd-hidden-tablet  rpd-hidden-smartphones full break--tablet reverse--never ' style='--mask_background: #ffffff; --padding_desktop: 0px 0px 0px 0px; --padding_tablet: 0px 0px 0px 0px; --padding_mobile: 0px 0px 0px 0px; --row_gap: 30px;' ><div class='row--mask'><div class='rpd-container'>\n<div class='rpd-gallery  slider  horizontal' style='--background: rgb(0,91,0); --color: #ffffff; --radius: 0px; --spacing: 0px; --columns_desktop: 5; --columns_tablet: 3; --columns_mobile: 2; --carousel_color: #005b00;'><div class='gallery--list' data-slick='{\"autoplay\": true, \"autoplaySpeed\": 5000, \"slidesToScroll\": 1, \"slidesToShow\": 5, \"responsive\": [ { \"breakpoint\": 991, \"settings\": { \"arrows\": false, \"dots\": true, \"slidesToShow\": 3 } }, { \"breakpoint\": 767, \"settings\": { \"arrows\": false, \"dots\": true, \"slidesToShow\": 2 } } ]}' ><div class='gallery--item'><a  data-fancybox='gallery_69d9776f61459' href='https:\/\/cdn.siterapido.rs\/wp-content\/uploads\/sites\/227\/2024\/06\/ubs-ubs-02.jpg' style='background-image: url(https:\/\/cdn.siterapido.rs\/wp-content\/uploads\/sites\/227\/2024\/06\/ubs-ubs-02.jpg);'><\/a><\/div><div class='gallery--item'><a  data-fancybox='gallery_69d9776f61459' href='https:\/\/cdn.siterapido.rs\/wp-content\/uploads\/sites\/227\/2024\/06\/ubs-ubs-03.jpg' style='background-image: url(https:\/\/cdn.siterapido.rs\/wp-content\/uploads\/sites\/227\/2024\/06\/ubs-ubs-03.jpg);'><\/a><\/div><div class='gallery--item'><a  data-fancybox='gallery_69d9776f61459' href='https:\/\/cdn.siterapido.rs\/wp-content\/uploads\/sites\/227\/2024\/06\/ubs-ubs-4.jpg' style='background-image: url(https:\/\/cdn.siterapido.rs\/wp-content\/uploads\/sites\/227\/2024\/06\/ubs-ubs-4.jpg);'><\/a><\/div><div class='gallery--item'><a  data-fancybox='gallery_69d9776f61459' href='https:\/\/cdn.siterapido.rs\/wp-content\/uploads\/sites\/227\/2024\/06\/ubs-ubs-5.jpg' style='background-image: url(https:\/\/cdn.siterapido.rs\/wp-content\/uploads\/sites\/227\/2024\/06\/ubs-ubs-5.jpg);'><\/a><\/div><div class='gallery--item'><a  data-fancybox='gallery_69d9776f61459' href='https:\/\/cdn.siterapido.rs\/wp-content\/uploads\/sites\/227\/2024\/06\/ubs-ubs.jpg' style='background-image: url(https:\/\/cdn.siterapido.rs\/wp-content\/uploads\/sites\/227\/2024\/06\/ubs-ubs.jpg);'><\/a><\/div><\/div><\/div>\n<\/div><\/div><\/div>\n\n<div class='rpd-row normal break--mobile reverse--never ' style='--mask_background: rgb(242,242,241); --row_attachment: none; --row_image: url(https:\/\/cdn.siterapido.rs\/wp-content\/uploads\/sites\/227\/2024\/05\/home-fund-home-cimisa.png); --row_position: center center; --row_repeat: no-repeat; --row_size: contain; --padding_desktop: 100px 15px 100px 15px; --padding_tablet: 75px 15px 75px 15px; --padding_mobile: 50px 15px 50px 15px; --row_gap: 30px;' ><div class='row--mask'><div class='rpd-container'>\n\n<div class=\"wp-block-columns\">\n<div class=\"wp-block-column\"><div class='rpd-wysiwyg text-lt ' style='--content_spacing_desktop: 30px; --h1_font: var(--font_heading); --h1_size_desktop: 35px; --h1_weight: 700; --h1_line_desktop: 1.1; --h1_color: rgb(0,91,0); --h2_font: var(--font_heading); --h2_size_desktop: 24px; --h2_weight: 700; --h2_line_desktop: 1.2; --h2_color: #000000; --h3_font: var(--font_heading); --h3_size_desktop: 19px; --h3_weight: 700; --h3_line_desktop: 1.3; --h3_color: #000000; --h4_font: var(--font_heading); --h4_size_desktop: 16px; --h4_weight: 700; --h4_line_desktop: 1.4; --h4_color: #000000; --h5_font: var(--font_heading); --h5_size_desktop: 14px; --h5_weight: 700; --h5_line_desktop: 1.5; --h5_color: #000000; --h6_font: var(--font_heading); --h6_size_desktop: 13px; --h6_weight: 700; --h6_line_desktop: 1.6; --h6_color: #000000; --content_font: var(--font_text); --content_size_desktop: 18px; --content_weight: 400; --content_line_desktop: 1.8; --content_spacing_tablet: 25px; --h1_size_tablet: 35px; --h1_line_tablet: 1.1; --h2_size_tablet: 20px; --h2_line_tablet: 1.2; --h3_size_tablet: 16px; --h3_line_tablet: 1.3; --h4_size_tablet: 13px; --h4_line_tablet: 1.4; --h5_size_tablet: 12px; --h5_line_tablet: 1.5; --h6_size_tablet: 11px; --h6_line_tablet: 1.6; --content_size_tablet: 18px; --content_line_mobile: 1.7; --content_spacing_mobile: 20px; --h1_size_mobile: 35px; --h1_line_mobile: 1.1; --h2_size_mobile: 16px; --h2_line_mobile: 1.2; --h3_size_mobile: 13px; --h3_line_mobile: 1.3; --h4_size_mobile: 11px; --h4_line_mobile: 1.4; --h5_size_mobile: 10px; --h5_line_mobile: 1.5; --h6_size_mobile: 9px; --h6_line_mobile: 1.6; --content_size_mobile: 18px; --content_line_mobile: 1.6; --color: rgb(0,0,0);'>\n\n<h1 class=\"wp-block-heading\">Unidad de Beneficio de Semillas (UBS)<\/h1>\n\n<\/div>\n\n<div class='rpd-wysiwyg text-lt ' style='--content_spacing_desktop: 30px; --h1_font: var(--font_heading); --h1_size_desktop: 32px; --h1_weight: 700; --h1_line_desktop: 1.1; --h1_color: #000000; --h2_font: var(--font_heading); --h2_size_desktop: 24px; --h2_weight: 700; --h2_line_desktop: 1.2; --h2_color: #000000; --h3_font: var(--font_heading); --h3_size_desktop: 19px; --h3_weight: 700; --h3_line_desktop: 1.3; --h3_color: #000000; --h4_font: var(--font_heading); --h4_size_desktop: 16px; --h4_weight: 700; --h4_line_desktop: 1.4; --h4_color: #000000; --h5_font: var(--font_heading); --h5_size_desktop: 14px; --h5_weight: 700; --h5_line_desktop: 1.5; --h5_color: #000000; --h6_font: var(--font_heading); --h6_size_desktop: 13px; --h6_weight: 700; --h6_line_desktop: 1.6; --h6_color: #000000; --content_font: var(--font_text); --content_size_desktop: 16px; --content_weight: 400; --content_line_desktop: 1.8; --content_spacing_tablet: 25px; --h1_size_tablet: 26px; --h1_line_tablet: 1.1; --h2_size_tablet: 20px; --h2_line_tablet: 1.2; --h3_size_tablet: 16px; --h3_line_tablet: 1.3; --h4_size_tablet: 13px; --h4_line_tablet: 1.4; --h5_size_tablet: 12px; --h5_line_tablet: 1.5; --h6_size_tablet: 11px; --h6_line_tablet: 1.6; --content_size_tablet: 15px; --content_line_mobile: 1.7; --content_spacing_mobile: 20px; --h1_size_mobile: 21px; --h1_line_mobile: 1.1; --h2_size_mobile: 16px; --h2_line_mobile: 1.2; --h3_size_mobile: 13px; --h3_line_mobile: 1.3; --h4_size_mobile: 11px; --h4_line_mobile: 1.4; --h5_size_mobile: 10px; --h5_line_mobile: 1.5; --h6_size_mobile: 9px; --h6_line_mobile: 1.6; --content_size_mobile: 14px; --content_line_mobile: 1.6; --color: #000000;'><p>CIMISA ofrece una l\u00ednea completa de Unidades de Beneficio de Semillas (UBS), dise\u00f1adas para realizar todo el proceso de clasificaci\u00f3n, estandarizaci\u00f3n, tratamiento y empaque de semillas con eficiencia y calidad.<\/p>\n<p><strong>Diferenciales:<\/strong><\/p>\n<ul>\n<li>Cada UBS puede montarse y configurarse seg\u00fan sus necesidades<\/li>\n<li>Grano transformado en semilla en una \u00fanica pasada<\/li>\n<li>Beneficio con menor movimiento y da\u00f1os mec\u00e1nicos en las semillas<\/li>\n<\/ul>\n<p>\u00a1Obtenga orientaci\u00f3n personalizada sobre la UBS ideal para sus necesidades poni\u00e9ndose en contacto con nosotros!<\/p>\n<\/div><\/div>\n\n\n\n<div class=\"wp-block-column\"><div class='rpd-gallery  columns  horizontal' style='--background: rgb(0,91,0); --color: #ffffff; --radius: 5px; --spacing: 30px; --columns_desktop: 2; --columns_tablet: 4; --columns_mobile: 2;'><div class='gallery--item'><a  data-fancybox='gallery_69d9776f7b3de' href='https:\/\/cdn.siterapido.rs\/wp-content\/uploads\/sites\/227\/2024\/06\/ubs-ubs.jpg' style='background-image: url(https:\/\/cdn.siterapido.rs\/wp-content\/uploads\/sites\/227\/2024\/06\/ubs-ubs-300x200.jpg);'><\/a><\/div><div class='gallery--item'><a  data-fancybox='gallery_69d9776f7b3de' href='https:\/\/cdn.siterapido.rs\/wp-content\/uploads\/sites\/227\/2024\/06\/ubs-ubs-5.jpg' style='background-image: url(https:\/\/cdn.siterapido.rs\/wp-content\/uploads\/sites\/227\/2024\/06\/ubs-ubs-5-300x116.jpg);'><\/a><\/div><div class='gallery--item'><a  data-fancybox='gallery_69d9776f7b3de' href='https:\/\/cdn.siterapido.rs\/wp-content\/uploads\/sites\/227\/2024\/06\/ubs-ubs-4.jpg' style='background-image: url(https:\/\/cdn.siterapido.rs\/wp-content\/uploads\/sites\/227\/2024\/06\/ubs-ubs-4-300x300.jpg);'><\/a><\/div><div class='gallery--item'><a  data-fancybox='gallery_69d9776f7b3de' href='https:\/\/cdn.siterapido.rs\/wp-content\/uploads\/sites\/227\/2024\/06\/ubs-ubs-03.jpg' style='background-image: url(https:\/\/cdn.siterapido.rs\/wp-content\/uploads\/sites\/227\/2024\/06\/ubs-ubs-03-300x212.jpg);'><\/a><\/div><div class='gallery--item'><a  data-fancybox='gallery_69d9776f7b3de' href='https:\/\/cdn.siterapido.rs\/wp-content\/uploads\/sites\/227\/2024\/06\/ubs-ubs-02.jpg' style='background-image: url(https:\/\/cdn.siterapido.rs\/wp-content\/uploads\/sites\/227\/2024\/06\/ubs-ubs-02-300x194.jpg);'><\/a><\/div><\/div><\/div>\n<\/div>\n\n\n<div class='rpd-spacer ' style='--spacing_desktop: 50px; --spacing_tablet: 30px; --spacing_mobile: 30px;'><\/div>\n\n<div class='comparison--block column--block ' style='--details: #666;'>\t\n\t<div id=\"comparison-slider\">                \n                            \n        <div style=\"border-radius: 10px;\" id=\"aics-autostart\" data-orientation=\"horizontal\" data-cursor=\"grab\" data-auto-animation=\"false\" data-on-pointer-down=\"true\" data-initial-position=\"0.5\" data-background-color=\"#FFFFFF\" data-dividing-line=\"solid 3px rgb(240,202,0)\" data-width=\"100%\" data-follow-easing-factor=\"10\" data-interactive=\"true\" data-auto-animation-speed=\"8\" data-auto-animation-pause=\"1\" data-auto-animation-easing=\"inOutCubic\" data-control-others=\"false\" data-controlled-by-others=\"false\" data-controlled-reverse=\"false\" data-group=\"g1\" data-group-sync=\"false\" data-loading=\"lazy\" data-viewport-offset=\"100px\" data-sleep-mode=\"false\">\n\n            <div class=\"images\">\n                <div class=\"image-rgt\" data-src=\"https:\/\/cdn.siterapido.rs\/wp-content\/uploads\/sites\/227\/2024\/08\/ubs-depois-foto-ubs.png\"><\/div>\n                <div class=\"image-lft\" data-src=\"https:\/\/cdn.siterapido.rs\/wp-content\/uploads\/sites\/227\/2024\/08\/ubs-antes-projeto-ubs.jpg\"><\/div>\n            <\/div>\n            \n            <div class=\"ui\">\n                <a class=\"button-rgt comparison-legend-h-middle comparison-legend-v1\" alt=\"\" href=\"#\"><\/a>\n                <a class=\"button-lft comparison-legend-h-middle comparison-legend-v1\" alt=\"\" href=\"#\"><\/a>\n                <img loading=\"lazy\" decoding=\"async\" class=\"dragger\" src=\"https:\/\/cimisa.com.br\/wp-content\/themes\/siterapido_2020\/assets\/images\/dragger-v1-h.svg\" alt=\"dragger\" width=\"36\" height=\"36\">\n            <\/div>\n        \n        <\/div>                        \n                                            \n    <\/div>\n    \n<\/div>\n<\/div><\/div><\/div>","protected":false},"excerpt":{"rendered":"","protected":false},"author":6,"featured_media":0,"parent":0,"menu_order":25,"comment_status":"closed","ping_status":"closed","template":"","meta":{"_acf_changed":false,"footnotes":""},"class_list":["post-16608","page","type-page","status-publish","hentry"],"acf":[],"_links":{"self":[{"href":"https:\/\/cimisa.com.br\/es\/wp-json\/wp\/v2\/pages\/16608","targetHints":{"allow":["GET"]}}],"collection":[{"href":"https:\/\/cimisa.com.br\/es\/wp-json\/wp\/v2\/pages"}],"about":[{"href":"https:\/\/cimisa.com.br\/es\/wp-json\/wp\/v2\/types\/page"}],"author":[{"embeddable":true,"href":"https:\/\/cimisa.com.br\/es\/wp-json\/wp\/v2\/users\/6"}],"replies":[{"embeddable":true,"href":"https:\/\/cimisa.com.br\/es\/wp-json\/wp\/v2\/comments?post=16608"}],"version-history":[{"count":1,"href":"https:\/\/cimisa.com.br\/es\/wp-json\/wp\/v2\/pages\/16608\/revisions"}],"predecessor-version":[{"id":16609,"href":"https:\/\/cimisa.com.br\/es\/wp-json\/wp\/v2\/pages\/16608\/revisions\/16609"}],"wp:attachment":[{"href":"https:\/\/cimisa.com.br\/es\/wp-json\/wp\/v2\/media?parent=16608"}],"curies":[{"name":"wp","href":"https:\/\/api.w.org\/{rel}","templated":true}]}}